{"id":9963,"date":"2025-07-29T12:54:28","date_gmt":"2025-07-29T12:54:28","guid":{"rendered":"https:\/\/www.aconoq-apps.com\/aconoq\/?page_id=9963"},"modified":"2025-07-29T13:12:21","modified_gmt":"2025-07-29T13:12:21","slug":"activites-de-la-direction-3","status":"publish","type":"page","link":"https:\/\/www.aconoq-apps.com\/aconoq\/activites-de-la-direction-3\/","title":{"rendered":"Activit\u00e9s de la direction"},"content":{"rendered":"<div class=\"wpb-content-wrapper\"><p>[vc_row full_width=&#8221;stretch_row&#8221; kd_background_image_position=&#8221;vc_row-bg-position-top&#8221; css=&#8221;.vc_custom_1605544699467{padding-top: 80px !important;padding-bottom: 100px !important;}&#8221; el_class=&#8221;zindex0&#8243; css_tablet_portrait=&#8221;.vc_custom_1605544699470{padding-bottom: 80px !important;}&#8221; css_mobile=&#8221;.vc_custom_1605544699471{padding-bottom: 80px !important;}&#8221;][vc_column css=&#8221;.vc_custom_1515677064675{padding-right: 0px !important;padding-left: 0px !important;}&#8221;]<header class=\"kd-section-title col-lg-12 text-center  subtitle-below-title kd-animated fadeIn   vc_custom_1605170696875\" data-animation-delay=200><h2 class=\"separator_off\" style=\"font-size: 42px;\">What to do to keep yourself and others safe<\/h2><h6 class=\"subtitle\" >Stay safe by taking some simple precautions, such as physical distancing, wearing<br \/>\na mask, cleaning your hands, and coughing into a bent elbow or tissue.<\/h6><\/header>[vc_row_inner kd_background_image_position=&#8221;vc_row-bg-position-top&#8221; css=&#8221;.vc_custom_1605170776381{margin-bottom: 45px !important;}&#8221;][vc_column_inner width=&#8221;1\/3&#8243;]<div class=\"key-icon-box icon-default icon-top cont-center ib-no-effect  icon-with-shadow   icon-with-background icon-no-border kd-animated fadeInUp\" style=\"background-color: transparent;\" ><div class=\"ib-icon-wrapper\" style=\"width:127px;height:127px;margin-bottom:40px;\"><i class=\"fas fa-check\" style=\"\"><\/i> <\/div><h3 class=\"service-heading\" >Certification des produits, services, processus, syst\u00e8mes et comp\u00e9tence des personnes<\/h3><\/div>[\/vc_column_inner][vc_column_inner width=&#8221;1\/3&#8243;]<div class=\"key-icon-box icon-default icon-top cont-center ib-no-effect  icon-with-shadow   icon-with-background icon-no-border kd-animated fadeInUp\" style=\"background-color: transparent;\" data-animation-delay=200><div class=\"ib-icon-wrapper\" style=\"background-color: #81D74200;width:127px;height:127px;margin-bottom:40px;\"><i class=\"iconsmind-Smoking-Pipe iconsmind-Hipster-Style\" style=\"color: #81D742;font-size: 100px;font-weight: 400;\"><\/i> <\/div><h4 class=\"service-heading\" >Marquage et tra\u00e7abilit\u00e9 des produits du tabac fabriqu\u00e9s ou import\u00e9s en R\u00e9publique du Congo<\/h4><\/div>[\/vc_column_inner][vc_column_inner width=&#8221;1\/3&#8243;]<div class=\"key-icon-box icon-default icon-top cont-center ib-no-effect  icon-with-shadow   icon-with-background icon-no-border kd-animated fadeInUp\" style=\"background-color: transparent;\" data-animation-delay=400><div class=\"ib-icon-wrapper\" style=\"width:127px;height:127px;margin-bottom:40px;\"><i class=\"fas fa-check\" style=\"\"><\/i> <\/div><h4 class=\"service-heading\" >Certification des produits avant embarquement<\/h4><\/div>[\/vc_column_inner][\/vc_row_inner][vc_row_inner kd_background_image_position=&#8221;vc_row-bg-position-top&#8221;][vc_column_inner width=&#8221;1\/3&#8243;]<div class=\"key-icon-box icon-default icon-top cont-center ib-no-effect  icon-with-shadow   icon-with-background icon-no-border kd-animated fadeInUp\" style=\"background-color: transparent;\" ><div class=\"ib-icon-wrapper\" style=\"width:127px;height:127px;margin-bottom:40px;\"><i class=\"iconsmind-Spell-Check iconsmind-Education\" style=\"font-weight: 400;\"><\/i> <\/div><h4 class=\"service-heading\" >Audit des organismes<\/h4><\/div>[\/vc_column_inner][vc_column_inner width=&#8221;1\/3&#8243;]<div class=\"key-icon-box icon-default icon-top cont-center ib-no-effect  icon-with-shadow   icon-with-background icon-no-border kd-animated fadeInUp\" style=\"background-color: transparent;\" data-animation-delay=200><div class=\"ib-icon-wrapper\" style=\"width:127px;height:127px;margin-bottom:40px;\"><i class=\"iconsmind-Check-2 iconsmind-Interface\" style=\"font-weight: 400;\"><\/i> <\/div><h4 class=\"service-heading\" >Inspections<\/h4><\/div>[\/vc_column_inner][vc_column_inner width=&#8221;1\/3&#8243;]<div class=\"key-icon-box icon-default icon-top cont-center ib-no-effect  icon-with-shadow   icon-with-background icon-no-border kd-animated fadeInUp\" style=\"background-color: transparent;\" data-animation-delay=400><div class=\"ib-icon-wrapper\" style=\"width:127px;height:127px;margin-bottom:40px;\"><i class=\"iconsmind-Chemical-3 iconsmind-Science-Medical\" style=\"font-weight: 400;\"><\/i> <\/div><h4 class=\"service-heading\" >Essais\/Analyses\/Tests<\/h4><\/div>[\/vc_column_inner][\/vc_row_inner][\/vc_column][\/vc_row]<\/p>\n<\/div>","protected":false},"excerpt":{"rendered":"<p>[vc_row full_width=&#8221;stretch_row&#8221; kd_background_image_position=&#8221;vc_row-bg-position-top&#8221; css=&#8221;.vc_custom_1605544699467{padding-top: 80px !important;padding-bottom: 100px !important;}&#8221; el_class=&#8221;zindex0&#8243; css_tablet_portrait=&#8221;.vc_custom_1605544699470{padding-bottom: 80px !important;}&#8221; css_mobile=&#8221;.vc_custom_1605544699471{padding-bottom: 80px !important;}&#8221;][vc_column css=&#8221;.vc_custom_1515677064675{padding-right: 0px !important;padding-left: 0px !important;}&#8221;][vc_row_inner [&hellip;]<\/p>\n","protected":false},"author":1,"featured_media":0,"parent":0,"menu_order":0,"comment_status":"closed","ping_status":"closed","template":"","meta":{"give_campaign_id":0,"_monsterinsights_skip_tracking":false,"_monsterinsights_sitenote_active":false,"_monsterinsights_sitenote_note":"","_monsterinsights_sitenote_category":0,"footnotes":""},"class_list":["post-9963","page","type-page","status-publish","hentry"],"aioseo_notices":[],"campaignId":"","_links":{"self":[{"href":"https:\/\/www.aconoq-apps.com\/aconoq\/wp-json\/wp\/v2\/pages\/9963","targetHints":{"allow":["GET"]}}],"collection":[{"href":"https:\/\/www.aconoq-apps.com\/aconoq\/wp-json\/wp\/v2\/pages"}],"about":[{"href":"https:\/\/www.aconoq-apps.com\/aconoq\/wp-json\/wp\/v2\/types\/page"}],"author":[{"embeddable":true,"href":"https:\/\/www.aconoq-apps.com\/aconoq\/wp-json\/wp\/v2\/users\/1"}],"replies":[{"embeddable":true,"href":"https:\/\/www.aconoq-apps.com\/aconoq\/wp-json\/wp\/v2\/comments?post=9963"}],"version-history":[{"count":2,"href":"https:\/\/www.aconoq-apps.com\/aconoq\/wp-json\/wp\/v2\/pages\/9963\/revisions"}],"predecessor-version":[{"id":9967,"href":"https:\/\/www.aconoq-apps.com\/aconoq\/wp-json\/wp\/v2\/pages\/9963\/revisions\/9967"}],"wp:attachment":[{"href":"https:\/\/www.aconoq-apps.com\/aconoq\/wp-json\/wp\/v2\/media?parent=9963"}],"curies":[{"name":"wp","href":"https:\/\/api.w.org\/{rel}","templated":true}]}}