{"id":9689,"date":"2025-07-14T10:20:37","date_gmt":"2025-07-14T10:20:37","guid":{"rendered":"https:\/\/www.aconoq-apps.com\/aconoq\/?page_id=9689"},"modified":"2025-07-29T13:29:28","modified_gmt":"2025-07-29T13:29:28","slug":"processus-de-certification-2","status":"publish","type":"page","link":"https:\/\/www.aconoq-apps.com\/aconoq\/processus-de-certification-2\/","title":{"rendered":"Processus de certification"},"content":{"rendered":"<div class=\"wpb-content-wrapper\"><p>[vc_row kd_background_image_position=&#8221;vc_row-bg-position-top&#8221;][vc_column][vc_column_text css=&#8221;&#8221;]<strong>&nbsp;<\/strong>Le processus de certification de produits se d\u00e9finit en cinq (05) \u00e9tapes suivantes&nbsp;:[\/vc_column_text][\/vc_column][\/vc_row][vc_row full_width=&#8221;stretch_row&#8221; kd_background_image_position=&#8221;vc_row-bg-position-top&#8221; css=&#8221;.vc_custom_1753795564660{padding-top: 100px !important;padding-bottom: 100px !important;}&#8221; el_id=&#8221;certification_process&#8221; top_section_title=&#8221;&#8221; bottom_section_title=&#8221;&#8221;][vc_column el_id=&#8221;cert_process&#8221;]\r\n            <div class=\"kd-process-steps process_four_elem process-number-template \">\r\n                <ul>\r\n                <li class=\"pss-item kd-animated fadeIn \" >\r\n                    <div class=\"pss-container\"><div class=\"pss-step-number\"><span style=\"color: #ebebeb;\">01.<\/span><\/div><div class=\"pss-text-area\"><h5 >La demande<\/h5><a class=\"process-text-link\" href=\"#\"  target=\"_self\" title=\"\" style=\"color: #acacac;\">Learn More<\/a><\/div>\r\n                    <\/div>\r\n                <\/li>\r\n                <li class=\"pss-item kd-animated fadeIn \" data-animation-delay=200>\r\n                    <div class=\"pss-container\"><div class=\"pss-step-number\"><span style=\"color: #ebebeb;\">02.<\/span><\/div><div class=\"pss-text-area\"><h5 >L'\u00e9valuation<\/h5><a class=\"process-text-link\" href=\"#\"  target=\"_self\" title=\"\" style=\"color: #acacac;\">Learn More<\/a><\/div>\r\n                    <\/div>\r\n                <\/li>\r\n                <li class=\"pss-item kd-animated fadeIn \" data-animation-delay=400>\r\n                    <div class=\"pss-container\"><div class=\"pss-step-number\"><span style=\"color: #ebebeb;\">03.<\/span><\/div><div class=\"pss-text-area\"><h5 >La revue<\/h5><a class=\"process-text-link\" href=\"#\"  target=\"_self\" title=\"\" style=\"color: #acacac;\">Learn More<\/a><\/div>\r\n                    <\/div>\r\n                <\/li>\r\n                <li class=\"pss-item kd-animated fadeIn \" data-animation-delay=600>\r\n                    <div class=\"pss-container\"><div class=\"pss-step-number\"><span style=\"color: #ebebeb;\">04.<\/span><\/div><div class=\"pss-text-area\"><h5 >La d\u00e9cision relative \u00e0 la certification<\/h5><a class=\"process-text-link\" href=\"#\"  target=\"_self\" title=\"\" style=\"color: #acacac;\">Learn More<\/a><\/div>\r\n                    <\/div>\r\n                <\/li><\/ul>\r\n            <\/div>\r\n            <div class=\"kd-process-steps process_four_elem process-number-template \">\r\n                <ul>\r\n                <li class=\"pss-item kd-animated fadeIn \" >\r\n                    <div class=\"pss-container\"><div class=\"pss-step-number\"><span style=\"color: #ebebeb;\">05.<\/span><\/div><div class=\"pss-text-area\"><h5 >L\u2019octroi du certificat de conformit\u00e9 aux normes Congolaises<\/h5><a class=\"process-text-link\" href=\"#\"  target=\"_self\" title=\"\" style=\"color: #acacac;\">Learn More<\/a><\/div>\r\n                    <\/div>\r\n                <\/li><\/ul>\r\n            <\/div>[\/vc_column][\/vc_row][vc_row kd_background_image_position=&#8221;vc_row-bg-position-top&#8221;][vc_column][vc_column_text css=&#8221;&#8221;]<em>Note: Ce processus peut \u00eatre ajust\u00e9 en fonction du type de programme de certification s\u00e9lectionn\u00e9.<\/em>[\/vc_column_text][\/vc_column][\/vc_row][vc_row kd_background_image_position=&#8221;vc_row-bg-position-top&#8221;][vc_column][vc_column_text css=&#8221;&#8221;]<strong>La demande<\/strong><\/p>\n<p>La demande de certification de conformit\u00e9 aux normes congolaises\/marque NCGO se fait par \u00e9crit et est adress\u00e9e au Directeur G\u00e9n\u00e9rale de l\u2019ACONOQ, conform\u00e9ment aux dispositions du chapitre I du pr\u00e9sent document.<\/p>\n<p><strong>Revue de la demande<\/strong><\/p>\n<p>Le dossier de demande de certification fourni, est analys\u00e9 par l\u2019ACONOQ pour en d\u00e9terminer sa faisabilit\u00e9, tenant compte notamment&nbsp;:<\/p>\n<ul>\n<li>Du(des) produit(s) \u00e0 certifier&nbsp;;<\/li>\n<li>De(s) la(les) norme(s) applicable(s)&nbsp;;<\/li>\n<li>Et du programme de certification.<\/li>\n<\/ul>\n<p><strong><u>&nbsp;<\/u><\/strong><\/p>\n<p><strong>Evaluation<\/strong><\/p>\n<p>L\u2019\u00e9valuation exerc\u00e9e dans le cadre de la certification&nbsp; sont de deux types :<\/p>\n<ul>\n<li>La r\u00e9alisation de l\u2019audit\/inspection de l\u2019unit\u00e9 de production&nbsp;;<\/li>\n<\/ul>\n<p>Les analyses physico-chimiques et microbiologiques des \u00e9chantillons.<\/p>\n<p><strong>Revue<\/strong><\/p>\n<p>L\u2019ACONOQ d\u00e9signe au moins une personne n\u2019ayant pas particip\u00e9 aux activit\u00e9s de l\u2019\u00e9valuation, pour effectuer la revue de toutes les informations et de tous les r\u00e9sultats relatifs \u00e0 l\u2019\u00e9valuation.<\/p>\n<p>&nbsp;<\/p>\n<p><strong>D\u00e9cision relative \u00e0 la certification<\/strong><\/p>\n<p>Les d\u00e9cisions d\u2019attribution, de suspension ou de retrait du certificat sont prises par l\u2019ACONOQ, repr\u00e9sent\u00e9 par son Directeur G\u00e9n\u00e9ral, au regard :<\/p>\n<ul>\n<li>Du Rapport de revue;<\/li>\n<li>De l\u2019\u00e9tat sur la solvabilit\u00e9 du demandeur par le service comptable de l\u2019ACONOQ;<\/li>\n<li>Du contrat liant l\u2019ACONOQ et le demandeur.<\/li>\n<\/ul>\n<p>[\/vc_column_text][\/vc_column][\/vc_row]<\/p>\n<\/div>","protected":false},"excerpt":{"rendered":"<p>[vc_row kd_background_image_position=&#8221;vc_row-bg-position-top&#8221;][vc_column][vc_column_text css=&#8221;&#8221;]&nbsp;Le processus de certification de produits se d\u00e9finit en cinq (05) \u00e9tapes suivantes&nbsp;:[\/vc_column_text][\/vc_column][\/vc_row][vc_row full_width=&#8221;stretch_row&#8221; kd_background_image_position=&#8221;vc_row-bg-position-top&#8221; css=&#8221;.vc_custom_1753795564660{padding-top: 100px !important;padding-bottom: [&hellip;]<\/p>\n","protected":false},"author":1,"featured_media":0,"parent":0,"menu_order":0,"comment_status":"closed","ping_status":"closed","template":"","meta":{"give_campaign_id":0,"_monsterinsights_skip_tracking":false,"_monsterinsights_sitenote_active":false,"_monsterinsights_sitenote_note":"","_monsterinsights_sitenote_category":0,"footnotes":""},"class_list":["post-9689","page","type-page","status-publish","hentry"],"aioseo_notices":[],"campaignId":"","_links":{"self":[{"href":"https:\/\/www.aconoq-apps.com\/aconoq\/wp-json\/wp\/v2\/pages\/9689","targetHints":{"allow":["GET"]}}],"collection":[{"href":"https:\/\/www.aconoq-apps.com\/aconoq\/wp-json\/wp\/v2\/pages"}],"about":[{"href":"https:\/\/www.aconoq-apps.com\/aconoq\/wp-json\/wp\/v2\/types\/page"}],"author":[{"embeddable":true,"href":"https:\/\/www.aconoq-apps.com\/aconoq\/wp-json\/wp\/v2\/users\/1"}],"replies":[{"embeddable":true,"href":"https:\/\/www.aconoq-apps.com\/aconoq\/wp-json\/wp\/v2\/comments?post=9689"}],"version-history":[{"count":8,"href":"https:\/\/www.aconoq-apps.com\/aconoq\/wp-json\/wp\/v2\/pages\/9689\/revisions"}],"predecessor-version":[{"id":9976,"href":"https:\/\/www.aconoq-apps.com\/aconoq\/wp-json\/wp\/v2\/pages\/9689\/revisions\/9976"}],"wp:attachment":[{"href":"https:\/\/www.aconoq-apps.com\/aconoq\/wp-json\/wp\/v2\/media?parent=9689"}],"curies":[{"name":"wp","href":"https:\/\/api.w.org\/{rel}","templated":true}]}}