{"id":9679,"date":"2025-07-14T10:20:19","date_gmt":"2025-07-14T10:20:19","guid":{"rendered":"https:\/\/www.aconoq-apps.com\/aconoq\/?page_id=9679"},"modified":"2025-07-29T12:42:17","modified_gmt":"2025-07-29T12:42:17","slug":"zoom-sur-levaluation-de-la-conformite","status":"publish","type":"page","link":"https:\/\/www.aconoq-apps.com\/aconoq\/zoom-sur-levaluation-de-la-conformite\/","title":{"rendered":"Zoom sur l\u2019\u00e9valuation de la conformit\u00e9"},"content":{"rendered":"\n<p>La Direction de l&#8217;\u00c9valuation de la Conformit\u00e9 (DEC) est l&#8217;une des principales directions techniques de l&#8217;Agence Congolaise de Normalisation et de la Qualit\u00e9 (ACONOQ). Elle est charg\u00e9e d&#8217;\u00e9valuer la conformit\u00e9 aux normes des produits, services, proc\u00e9d\u00e9s, syst\u00e8mes, comp\u00e9tence des personnes; contribuant ainsi \u00e0 la protection des consommateurs et \u00e0 l&#8217;am\u00e9lioration continue de la qualit\u00e9 au sein du pays et joue un r\u00f4le fondamental en tant que pilier de l&#8217;infrastructure qualit\u00e9 nationale.<\/p>\n\n\n\n<p>Elle est compos\u00e9e de trois (03) services, \u00e0 savoir:<\/p>\n\n\n\n<ul class=\"wp-block-list\">\n<li>Certification et labellisation\u00a0;<\/li>\n\n\n\n<li>Agr\u00e9ments des organismes\u00a0;<\/li>\n\n\n\n<li>Audits des organismes.<\/li>\n<\/ul>\n\n\n\n<h3 class=\"wp-block-heading\"><\/h3>\n\n\n\n<h3 class=\"wp-block-heading\">Ses missions:<\/h3>\n\n\n\n<p>La Direction de l\u2019\u00e9valuation de la Conformit\u00e9&nbsp; est charg\u00e9e notamment de:<\/p>\n\n\n\n<ul class=\"wp-block-list\">\n<li>Assurer la certification des syst\u00e8mes, des produits, des services et des comp\u00e9tences&nbsp;;<\/li>\n\n\n\n<li>Attribuer le droit d\u2019usage, de suspension et de retrait de la marque nationale de conformit\u00e9 aux normes&nbsp;;<\/li>\n\n\n\n<li>Assurer la promotion de la marque nationale de conformit\u00e9 aux normes&nbsp;;<\/li>\n\n\n\n<li>Assurer la cr\u00e9ation et la gestion d\u2019autres marques ou labels&nbsp;;<\/li>\n\n\n\n<li>Cr\u00e9er et rendre fonctionnels les comit\u00e9s de certification ;<\/li>\n\n\n\n<li>Mettre en \u0153uvre le sch\u00e9ma national de certification des produits issus de la production locale&nbsp;;<\/li>\n\n\n\n<li>Mettre en \u0153uvre le programme d\u2019\u00e9valuation de la conformit\u00e9 des produits avant embarquement&nbsp;;<\/li>\n\n\n\n<li>Pr\u00e9parer les d\u00e9cisions d\u2019agr\u00e9ment cons\u00e9cutives aux demandes des laboratoires d\u2019analyse.<\/li>\n<\/ul>\n\n\n\n<p><\/p>\n\n\n\n<h3 class=\"wp-block-heading\">Activit\u00e9s de la Direction<\/h3>\n\n\n\n<ul class=\"wp-block-list\">\n<li>Certification des produits, services, processus, syst\u00e8mes et comp\u00e9tence des personnes;<\/li>\n<\/ul>\n\n\n\n<ul class=\"wp-block-list\">\n<li>Marquage et tra\u00e7abilit\u00e9 des produits du tabac fabriqu\u00e9s ou import\u00e9s en R\u00e9publique du Congo;<\/li>\n<\/ul>\n\n\n\n<ul class=\"wp-block-list\">\n<li>Certification des produits avant embarquement;<\/li>\n<\/ul>\n\n\n\n<ul class=\"wp-block-list\">\n<li>Audits des organismes;<\/li>\n<\/ul>\n\n\n\n<ul class=\"wp-block-list\">\n<li>Inspections;<\/li>\n<\/ul>\n\n\n\n<ul class=\"wp-block-list\">\n<li>Essais\/Analyses\/Tests;<\/li>\n<\/ul>\n\n\n\n<p><\/p>\n\n\n\n<h3 class=\"wp-block-heading\">Activit\u00e9s r\u00e9alis\u00e9es et en cours<\/h3>\n\n\n\n<ul class=\"wp-block-list\">\n<li>\u00c9laboration des r\u00e8glements de certification des produits ;<\/li>\n<\/ul>\n\n\n\n<ul class=\"wp-block-list\">\n<li>Cr\u00e9ation des comit\u00e9s de certification sectoriels;<\/li>\n<\/ul>\n\n\n\n<ul class=\"wp-block-list\">\n<li>\u00c9laboration des Fiches Produits &#8211; Param\u00e8tres;<\/li>\n<\/ul>\n\n\n\n<ul class=\"wp-block-list\">\n<li>Sensibilisation des acteurs socio-\u00e9conomiques sur le Programme Congolais d\u2019\u00e9valuation de la Conformit\u00e9 (PCEC);<\/li>\n<\/ul>\n\n\n\n<ul class=\"wp-block-list\">\n<li>Certification des huiles moteurs et lubrifiants X-Oil, du miel YA DIYI et du dispositif de s\u00e9curit\u00e9 et de contr\u00f4le de gaz domestique \u00ab KEBA NA GAZ \u00bb<\/li>\n<\/ul>\n\n\n\n<ul class=\"wp-block-list\">\n<li>Projet de mise en conformit\u00e9 aux exigences de la norme ISO\/IEC 17065:2012 en vue de l\u2019accr\u00e9ditation.<\/li>\n<\/ul>\n\n\n\n<h3 class=\"wp-block-heading\">Processus de Certification de Produits<\/h3>\n\n\n\n<p><strong>&nbsp;<\/strong>Le processus de certification de produits se d\u00e9finit en cinq (05) \u00e9tapes suivantes&nbsp;:<\/p>\n\n\n\n<ul class=\"wp-block-list\">\n<li>La demande\u00a0;<\/li>\n\n\n\n<li>L\u2019\u00e9valuation\u00a0;<\/li>\n\n\n\n<li>La revue\u00a0;<\/li>\n\n\n\n<li>La d\u00e9cision relative \u00e0 la certification\u00a0;<\/li>\n\n\n\n<li>L\u2019octroi du certificat de conformit\u00e9 aux normes Congolaises<\/li>\n<\/ul>\n\n\n\n<p><em>Note: Ce processus peut \u00eatre ajust\u00e9 en fonction du type de programme de certification s\u00e9lectionn\u00e9.<\/em><\/p>\n\n\n\n<h3 class=\"wp-block-heading\">La demande<\/h3>\n\n\n\n<p>La demande de certification de conformit\u00e9 aux normes congolaises\/marque NCGO se fait par \u00e9crit et est adress\u00e9e au Directeur G\u00e9n\u00e9rale de l\u2019ACONOQ, conform\u00e9ment aux dispositions du chapitre I du pr\u00e9sent document.<\/p>\n\n\n\n<h3 class=\"wp-block-heading\">Revue de la demande<\/h3>\n\n\n\n<p>Le dossier de demande de certification fourni, est analys\u00e9 par l\u2019ACONOQ pour en d\u00e9terminer sa faisabilit\u00e9, tenant compte notamment&nbsp;:<\/p>\n\n\n\n<ul class=\"wp-block-list\">\n<li>Du(des) produit(s) \u00e0 certifier\u00a0;<\/li>\n\n\n\n<li>De(s) la(les) norme(s) applicable(s)\u00a0;<\/li>\n\n\n\n<li>Et du programme de certification.<\/li>\n<\/ul>\n\n\n\n<div style=\"height:36px\" aria-hidden=\"true\" class=\"wp-block-spacer\"><\/div>\n\n\n\n<h3 class=\"wp-block-heading\">\u00c9valuation<\/h3>\n\n\n\n<p>L\u2019\u00e9valuation exerc\u00e9e dans le cadre de la certification&nbsp; sont de deux types :<\/p>\n\n\n\n<ul class=\"wp-block-list\">\n<li>La r\u00e9alisation de l\u2019audit\/inspection de l\u2019unit\u00e9 de production\u00a0;<\/li>\n<\/ul>\n\n\n\n<ul class=\"wp-block-list\">\n<li>Les analyses physico-chimiques et microbiologiques des \u00e9chantillons.<\/li>\n<\/ul>\n\n\n\n<div style=\"height:36px\" aria-hidden=\"true\" class=\"wp-block-spacer\"><\/div>\n\n\n\n<h3 class=\"wp-block-heading\">Revue<\/h3>\n\n\n\n<p>L\u2019ACONOQ d\u00e9signe au moins une personne n\u2019ayant pas particip\u00e9 aux activit\u00e9s de l\u2019\u00e9valuation, pour effectuer la revue de toutes les informations et de tous les r\u00e9sultats relatifs \u00e0 l\u2019\u00e9valuation.<\/p>\n\n\n\n<div style=\"height:36px\" aria-hidden=\"true\" class=\"wp-block-spacer\"><\/div>\n\n\n\n<h3 class=\"wp-block-heading\">D\u00e9cision relative \u00e0 la certification<\/h3>\n\n\n\n<p>Les d\u00e9cisions d\u2019attribution, de suspension ou de retrait du certificat sont prises par l\u2019ACONOQ, repr\u00e9sent\u00e9 par son Directeur G\u00e9n\u00e9ral, au regard :<\/p>\n\n\n\n<ul class=\"wp-block-list\">\n<li>Du Rapport de revue;<\/li>\n<\/ul>\n\n\n\n<ul class=\"wp-block-list\">\n<li>De l\u2019\u00e9tat sur la solvabilit\u00e9 du demandeur par le service comptable de l\u2019ACONOQ;<\/li>\n<\/ul>\n\n\n\n<ul class=\"wp-block-list\">\n<li>Du contrat liant l\u2019ACONOQ et le demandeur.<\/li>\n<\/ul>\n\n\n\n<div style=\"height:36px\" aria-hidden=\"true\" class=\"wp-block-spacer\"><\/div>\n\n\n\n<h3 class=\"wp-block-heading\">\u00c9mission et validit\u00e9 du certificat de conformit\u00e9<\/h3>\n\n\n\n<p>Un certificat de conformit\u00e9, sign\u00e9 par le Directeur G\u00e9n\u00e9ral de l&#8217;ACONOQ est octroy\u00e9 au demandeur et reste valide pour une dur\u00e9e de trois (03) ans, renouvelable.<\/p>\n\n\n\n<div style=\"height:36px\" aria-hidden=\"true\" class=\"wp-block-spacer\"><\/div>\n\n\n\n<h3 class=\"wp-block-heading\">Syst\u00e8me de marquage et de tra\u00e7abilit\u00e9 des produits du tabac<\/h3>\n\n\n\n<div style=\"height:36px\" aria-hidden=\"true\" class=\"wp-block-spacer\"><\/div>\n\n\n\n<p>Le gouvernement de la R\u00e9publique du Congo a ratifi\u00e9 la convention cadre de l\u2019OMS sur la lutte anti-tabac en 2007.<\/p>\n\n\n\n<p>En effet, pour respecter les exigences de ladite convention, plusieurs textes r\u00e9glementaires ont \u00e9t\u00e9 pris dans le cadre de la lutte contre la contrebande, la contrefa\u00e7on et le commerce illicite des produits du tabac, entre autre le d\u00e9cret n\u00b02022-483 du 16 ao\u00fbt 2022 portant institution d&#8217;un syst\u00e8me de marquage des produits du tabac fabriqu\u00e9s ou import\u00e9s au Congo et l\u2019arr\u00eat\u00e9 n\u00b01351\/MDIPSP\/CAB fixant les mentions obligatoires relatives au marquage des produits du tabac fabriqu\u00e9s ou import\u00e9s en R\u00e9publique du Congo.<\/p>\n\n\n\n<div style=\"height:36px\" aria-hidden=\"true\" class=\"wp-block-spacer\"><\/div>\n\n\n\n<h3 class=\"wp-block-heading\">Marque Nationale de Conformit\u00e9 aux Normes NCGO<\/h3>\n\n\n\n<p>La marque nationale de conformit\u00e9 aux normes NCGO, est la preuve qu\u2019indique avec un niveau suffisant de confiance, que le produit, le proc\u00e9d\u00e9 ou le service vis\u00e9 est conforme \u00e0 une norme nationale. Elle est la seule qui certifie de la Conformit\u00e9 des produits, proc\u00e9d\u00e9s ou services en R\u00e9publique du Congo.<\/p>\n\n\n\n<p>Le sigle \u00ab NCGO \u00bb signifie Conformit\u00e9 aux Normes Congolaises.<\/p>\n","protected":false},"excerpt":{"rendered":"<p>La Direction de l&#8217;\u00c9valuation de la Conformit\u00e9 (DEC) est l&#8217;une des principales directions techniques de l&#8217;Agence Congolaise de Normalisation et [&hellip;]<\/p>\n","protected":false},"author":1,"featured_media":0,"parent":0,"menu_order":0,"comment_status":"closed","ping_status":"closed","template":"","meta":{"give_campaign_id":0,"_monsterinsights_skip_tracking":false,"_monsterinsights_sitenote_active":false,"_monsterinsights_sitenote_note":"","_monsterinsights_sitenote_category":0,"footnotes":""},"class_list":["post-9679","page","type-page","status-publish","hentry"],"aioseo_notices":[],"campaignId":"","_links":{"self":[{"href":"https:\/\/www.aconoq-apps.com\/aconoq\/wp-json\/wp\/v2\/pages\/9679","targetHints":{"allow":["GET"]}}],"collection":[{"href":"https:\/\/www.aconoq-apps.com\/aconoq\/wp-json\/wp\/v2\/pages"}],"about":[{"href":"https:\/\/www.aconoq-apps.com\/aconoq\/wp-json\/wp\/v2\/types\/page"}],"author":[{"embeddable":true,"href":"https:\/\/www.aconoq-apps.com\/aconoq\/wp-json\/wp\/v2\/users\/1"}],"replies":[{"embeddable":true,"href":"https:\/\/www.aconoq-apps.com\/aconoq\/wp-json\/wp\/v2\/comments?post=9679"}],"version-history":[{"count":14,"href":"https:\/\/www.aconoq-apps.com\/aconoq\/wp-json\/wp\/v2\/pages\/9679\/revisions"}],"predecessor-version":[{"id":9961,"href":"https:\/\/www.aconoq-apps.com\/aconoq\/wp-json\/wp\/v2\/pages\/9679\/revisions\/9961"}],"wp:attachment":[{"href":"https:\/\/www.aconoq-apps.com\/aconoq\/wp-json\/wp\/v2\/media?parent=9679"}],"curies":[{"name":"wp","href":"https:\/\/api.w.org\/{rel}","templated":true}]}}