{"id":9665,"date":"2025-07-14T10:16:29","date_gmt":"2025-07-14T10:16:29","guid":{"rendered":"https:\/\/www.aconoq-apps.com\/aconoq\/?page_id=9665"},"modified":"2025-07-14T10:16:29","modified_gmt":"2025-07-14T10:16:29","slug":"activites-realisees-et-en-cours","status":"publish","type":"page","link":"https:\/\/www.aconoq-apps.com\/aconoq\/activites-realisees-et-en-cours\/","title":{"rendered":"Activit\u00e9s r\u00e9alis\u00e9es et en cours"},"content":{"rendered":"","protected":false},"excerpt":{"rendered":"","protected":false},"author":1,"featured_media":0,"parent":0,"menu_order":0,"comment_status":"closed","ping_status":"closed","template":"","meta":{"give_campaign_id":0,"_monsterinsights_skip_tracking":false,"_monsterinsights_sitenote_active":false,"_monsterinsights_sitenote_note":"","_monsterinsights_sitenote_category":0,"footnotes":""},"class_list":["post-9665","page","type-page","status-publish","hentry"],"aioseo_notices":[],"campaignId":"","_links":{"self":[{"href":"https:\/\/www.aconoq-apps.com\/aconoq\/wp-json\/wp\/v2\/pages\/9665","targetHints":{"allow":["GET"]}}],"collection":[{"href":"https:\/\/www.aconoq-apps.com\/aconoq\/wp-json\/wp\/v2\/pages"}],"about":[{"href":"https:\/\/www.aconoq-apps.com\/aconoq\/wp-json\/wp\/v2\/types\/page"}],"author":[{"embeddable":true,"href":"https:\/\/www.aconoq-apps.com\/aconoq\/wp-json\/wp\/v2\/users\/1"}],"replies":[{"embeddable":true,"href":"https:\/\/www.aconoq-apps.com\/aconoq\/wp-json\/wp\/v2\/comments?post=9665"}],"version-history":[{"count":1,"href":"https:\/\/www.aconoq-apps.com\/aconoq\/wp-json\/wp\/v2\/pages\/9665\/revisions"}],"predecessor-version":[{"id":9668,"href":"https:\/\/www.aconoq-apps.com\/aconoq\/wp-json\/wp\/v2\/pages\/9665\/revisions\/9668"}],"wp:attachment":[{"href":"https:\/\/www.aconoq-apps.com\/aconoq\/wp-json\/wp\/v2\/media?parent=9665"}],"curies":[{"name":"wp","href":"https:\/\/api.w.org\/{rel}","templated":true}]}}