{"id":78,"date":"2023-11-29T05:58:47","date_gmt":"2023-11-29T05:58:47","guid":{"rendered":"https:\/\/aconoq.cg\/demo2\/?page_id=78"},"modified":"2025-07-30T14:06:49","modified_gmt":"2025-07-30T14:06:49","slug":"zoom-sur-le-pcec","status":"publish","type":"page","link":"https:\/\/www.aconoq-apps.com\/aconoq\/zoom-sur-le-pcec\/","title":{"rendered":"Zoom sur le PCEC"},"content":{"rendered":"<div class=\"wpb-content-wrapper\"><p>[vc_row full_width=&#8221;stretch_row_content_no_spaces&#8221; kd_background_image_position=&#8221;vc_row-bg-position-top&#8221; css=&#8221;.vc_custom_1753796276996{background-color: #FFFFFF !important;background-position: center !important;background-repeat: no-repeat !important;background-size: cover !important;}&#8221;][vc_column css=&#8221;.vc_custom_1753796292601{background-color: #FFFFFF !important;}&#8221;][vc_row_inner full_width=&#8221;inner_row_contained&#8221; kd_background_image_position=&#8221;vc_row-bg-position-top&#8221; kd_background_overlay=&#8221;true&#8221; css=&#8221;.vc_custom_1753796384811{margin-right: 60px !important;margin-left: 60px !important;padding-top: 50px !important;padding-bottom: 100px !important;background-color: #FFFFFF !important;}&#8221; el_class=&#8221;border-bottom-radius&#8221; css_tablet_landscape=&#8221;.vc_custom_1753796384812{margin-right: 0px !important;margin-left: 0px !important;padding-top: 150px !important;}&#8221; css_tablet_portrait=&#8221;.vc_custom_1753796384813{margin-right: 0px !important;margin-left: 0px !important;padding-top: 100px !important;padding-right: 30px !important;padding-left: 30px !important;}&#8221; css_mobile=&#8221;.vc_custom_1753796384813{margin-right: 0px !important;margin-left: 0px !important;padding-top: 100px !important;padding-right: 15px !important;padding-left: 15px !important;}&#8221;][vc_column_inner width=&#8221;1\/2&#8243; css=&#8221;.vc_custom_1600352541039{margin-left: 0px !important;padding-top: 0px !important;padding-right: 0px !important;padding-bottom: 80px !important;padding-left: 0px !important;}&#8221; offset=&#8221;vc_col-lg-6 vc_col-md-12&#8243;][vc_column_text css=&#8221;&#8221;]Le PCEC, Programme Congolais d\u2019Evaluation de la Conformit\u00e9 est institu\u00e9 par loi N\u00b051-2021 du 31 d\u00e9cembre 2021 portant loi de finance pour l\u2019ann\u00e9e 2022 dans son chapitre III des dispositions nouvelles est un programme exportateur qui fixe les conditions d\u2019application et d\u2019entr\u00e9e en vigueur de l\u2019\u00e9valuation de la conformit\u00e9 avant embarquement des marchandises \u00e0 destination de la R\u00e9publique du Congo.<\/p>\n<p>Ce programme exige que toute marchandise \u00e0 destination du Congo soit munie d\u2019un certificat de Conformit\u00e9 (CoC).<\/p>\n<p><strong>Les enjeux du PCEC <\/strong><\/p>\n<ul>\n<li>Pr\u00e9venir les importations des produits ne r\u00e9pondant pas aux normes&nbsp;;<\/li>\n<li>Pr\u00e9venir l\u2019importation des produits contrefaits&nbsp;;<\/li>\n<li>Prot\u00e9ger la sant\u00e9 et la s\u00e9curit\u00e9 des consommateurs&nbsp;;<\/li>\n<li>\u00c9viter que le marcher congolais ne devienne un d\u00e9potoir.<\/li>\n<\/ul>\n<p>&nbsp;<\/p>\n<p><strong>Les administrations publiques impliqu\u00e9es<\/strong><\/p>\n<ul>\n<li>L\u2019Agence Congolaise de Normalisation et Qualit\u00e9 (ACONOQ)<\/li>\n<li>Le Commerce<\/li>\n<li>Le Guichet Unique des Op\u00e9rations Transfrontali\u00e8res (GUOT)<\/li>\n<li>La Douane<\/li>\n<\/ul>\n<p>[\/vc_column_text][\/vc_column_inner][vc_column_inner width=&#8221;1\/2&#8243; css=&#8221;.vc_custom_1600853734339{padding-right: 0px !important;padding-left: 0px !important;}&#8221; offset=&#8221;vc_col-lg-6 vc_col-md-12&#8243; css_mobile=&#8221;.vc_custom_1600853734340{padding-top: 70px !important;}&#8221; css_tablet_landscape=&#8221;.vc_custom_1600853734339{padding-top: 50px !important;}&#8221; css_tablet_portrait=&#8221;.vc_custom_1600853734340{padding-top: 100px !important;}&#8221;]<div class=\"kd-photo-group group-layout-right-left no-shadow disable-parallax  vc_custom_1753796496284 disable-responsive\">\n                <div class=\"kd-group-image first-image-wrapper\"><div class=\"kd-group-image-animation kd-animated fadeInUp\" data-animation-delay=200><img fetchpriority=\"high\" decoding=\"async\" width=\"2000\" height=\"1333\" src=\"https:\/\/www.aconoq-apps.com\/aconoq\/wp-content\/uploads\/2025\/04\/aerial-view-cargo-ship-cargo-container-harbor.jpg\" class=\"attachment-full\" alt=\"\" title=\"aerial-view-cargo-ship-cargo-container-harbor\" srcset=\"https:\/\/www.aconoq-apps.com\/aconoq\/wp-content\/uploads\/2025\/04\/aerial-view-cargo-ship-cargo-container-harbor.jpg 2000w, https:\/\/www.aconoq-apps.com\/aconoq\/wp-content\/uploads\/2025\/04\/aerial-view-cargo-ship-cargo-container-harbor-800x533.jpg 800w, https:\/\/www.aconoq-apps.com\/aconoq\/wp-content\/uploads\/2025\/04\/aerial-view-cargo-ship-cargo-container-harbor-300x200.jpg 300w, https:\/\/www.aconoq-apps.com\/aconoq\/wp-content\/uploads\/2025\/04\/aerial-view-cargo-ship-cargo-container-harbor-1024x682.jpg 1024w, https:\/\/www.aconoq-apps.com\/aconoq\/wp-content\/uploads\/2025\/04\/aerial-view-cargo-ship-cargo-container-harbor-768x512.jpg 768w, https:\/\/www.aconoq-apps.com\/aconoq\/wp-content\/uploads\/2025\/04\/aerial-view-cargo-ship-cargo-container-harbor-1536x1024.jpg 1536w, https:\/\/www.aconoq-apps.com\/aconoq\/wp-content\/uploads\/2025\/04\/aerial-view-cargo-ship-cargo-container-harbor-600x400.jpg 600w, https:\/\/www.aconoq-apps.com\/aconoq\/wp-content\/uploads\/2025\/04\/aerial-view-cargo-ship-cargo-container-harbor-560x373.jpg 560w\" sizes=\"(max-width: 2000px) 100vw, 2000px\" \/><\/div><\/div>\n                <div class=\"kd-group-image second-image-wrapper\" style=\"bottom: 0px;\"><div class=\"kd-group-image-animation kd-animated fadeInUp\" data-animation-delay=600><img fetchpriority=\"high\" decoding=\"async\" width=\"2000\" height=\"1333\" src=\"https:\/\/www.aconoq-apps.com\/aconoq\/wp-content\/uploads\/2025\/04\/aerial-view-cargo-ship-cargo-container-harbor.jpg\" class=\"attachment-full\" alt=\"\" title=\"aerial-view-cargo-ship-cargo-container-harbor\" srcset=\"https:\/\/www.aconoq-apps.com\/aconoq\/wp-content\/uploads\/2025\/04\/aerial-view-cargo-ship-cargo-container-harbor.jpg 2000w, https:\/\/www.aconoq-apps.com\/aconoq\/wp-content\/uploads\/2025\/04\/aerial-view-cargo-ship-cargo-container-harbor-800x533.jpg 800w, https:\/\/www.aconoq-apps.com\/aconoq\/wp-content\/uploads\/2025\/04\/aerial-view-cargo-ship-cargo-container-harbor-300x200.jpg 300w, https:\/\/www.aconoq-apps.com\/aconoq\/wp-content\/uploads\/2025\/04\/aerial-view-cargo-ship-cargo-container-harbor-1024x682.jpg 1024w, https:\/\/www.aconoq-apps.com\/aconoq\/wp-content\/uploads\/2025\/04\/aerial-view-cargo-ship-cargo-container-harbor-768x512.jpg 768w, https:\/\/www.aconoq-apps.com\/aconoq\/wp-content\/uploads\/2025\/04\/aerial-view-cargo-ship-cargo-container-harbor-1536x1024.jpg 1536w, https:\/\/www.aconoq-apps.com\/aconoq\/wp-content\/uploads\/2025\/04\/aerial-view-cargo-ship-cargo-container-harbor-600x400.jpg 600w, https:\/\/www.aconoq-apps.com\/aconoq\/wp-content\/uploads\/2025\/04\/aerial-view-cargo-ship-cargo-container-harbor-560x373.jpg 560w\" sizes=\"(max-width: 2000px) 100vw, 2000px\" \/><\/div><\/div>\n            <\/div><div class=\"kd-shapes shape_dots  kd-animated fadeInDown\" style=\"top: -123px;right: -135px;width: 172px;height: 340px;\"  data-animation-delay=1000><\/div><div class=\"kd-shapes shape_dots  kd-animated fadeInUp\" style=\"bottom: -60px;left: 50px;width: 141px;height: 156px;\"  data-animation-delay=1000><\/div>[\/vc_column_inner][\/vc_row_inner][\/vc_column][\/vc_row][vc_row full_width=&#8221;stretch_row&#8221; content_placement=&#8221;middle&#8221; kd_background_image_position=&#8221;vc_row-bg-position-top&#8221; kd_background_overlay=&#8221;true&#8221;][vc_column css=&#8221;.vc_custom_1602841910872{padding-right: 0px !important;padding-left: 0px !important;}&#8221;][vc_row_inner full_width=&#8221;inner_row_contained&#8221; content_placement=&#8221;middle&#8221; kd_background_image_position=&#8221;vc_row-bg-position-top&#8221; css=&#8221;.vc_custom_1753797660609{padding-top: 50px !important;padding-bottom: 50px !important;}&#8221; css_tablet_landscape=&#8221;.vc_custom_1753797660610{padding-top: 100px !important;padding-bottom: 85px !important;}&#8221; css_tablet_portrait=&#8221;.vc_custom_1753797660611{padding-top: 100px !important;padding-bottom: 85px !important;}&#8221; css_mobile=&#8221;.vc_custom_1753797660613{padding-top: 100px !important;padding-bottom: 85px !important;}&#8221;][vc_column_inner css=&#8221;.vc_custom_1602841845290{padding-right: 30px !important;padding-left: 0px !important;}&#8221; offset=&#8221;vc_col-lg-offset-0 vc_col-lg-6 vc_col-md-offset-1 vc_col-sm-offset-1&#8243; css_tablet_landscape=&#8221;.vc_custom_1602841845291{padding-right: 0px !important;}&#8221; css_tablet_portrait=&#8221;.vc_custom_1602841845292{padding-right: 0px !important;}&#8221; css_mobile=&#8221;.vc_custom_1602841845292{padding-right: 0px !important;}&#8221;]<div class=\"kd-photo-group group-layout-right-left no-shadow enable-parallax  disable-responsive\">\n                <div class=\"kd-group-image first-image-wrapper\"><div class=\"kd-group-image-animation kd-animated fadeInDown\" data-animation-delay=200><img decoding=\"async\" width=\"2000\" height=\"1121\" src=\"https:\/\/www.aconoq-apps.com\/aconoq\/wp-content\/uploads\/2025\/07\/21515418301.jpg\" class=\"attachment-full\" alt=\"\" title=\"2151541830(1)\" srcset=\"https:\/\/www.aconoq-apps.com\/aconoq\/wp-content\/uploads\/2025\/07\/21515418301.jpg 2000w, https:\/\/www.aconoq-apps.com\/aconoq\/wp-content\/uploads\/2025\/07\/21515418301-300x168.jpg 300w, https:\/\/www.aconoq-apps.com\/aconoq\/wp-content\/uploads\/2025\/07\/21515418301-1024x574.jpg 1024w, https:\/\/www.aconoq-apps.com\/aconoq\/wp-content\/uploads\/2025\/07\/21515418301-768x430.jpg 768w, https:\/\/www.aconoq-apps.com\/aconoq\/wp-content\/uploads\/2025\/07\/21515418301-1536x861.jpg 1536w, https:\/\/www.aconoq-apps.com\/aconoq\/wp-content\/uploads\/2025\/07\/21515418301-800x448.jpg 800w\" sizes=\"(max-width: 2000px) 100vw, 2000px\" \/><\/div><\/div>\n                <div class=\"kd-group-image second-image-wrapper\" style=\"bottom: 0px;\"><div class=\"kd-group-image-animation kd-animated fadeInUp\" data-animation-delay=200><img decoding=\"async\" width=\"2000\" height=\"1121\" src=\"https:\/\/www.aconoq-apps.com\/aconoq\/wp-content\/uploads\/2025\/07\/21515418301.jpg\" class=\"attachment-full\" alt=\"\" title=\"2151541830(1)\" srcset=\"https:\/\/www.aconoq-apps.com\/aconoq\/wp-content\/uploads\/2025\/07\/21515418301.jpg 2000w, https:\/\/www.aconoq-apps.com\/aconoq\/wp-content\/uploads\/2025\/07\/21515418301-300x168.jpg 300w, https:\/\/www.aconoq-apps.com\/aconoq\/wp-content\/uploads\/2025\/07\/21515418301-1024x574.jpg 1024w, https:\/\/www.aconoq-apps.com\/aconoq\/wp-content\/uploads\/2025\/07\/21515418301-768x430.jpg 768w, https:\/\/www.aconoq-apps.com\/aconoq\/wp-content\/uploads\/2025\/07\/21515418301-1536x861.jpg 1536w, https:\/\/www.aconoq-apps.com\/aconoq\/wp-content\/uploads\/2025\/07\/21515418301-800x448.jpg 800w\" sizes=\"(max-width: 2000px) 100vw, 2000px\" \/><\/div><\/div>\n            <\/div><div class=\"kd-shapes shape_dots with-parallax kd-animated fadeInDown\" style=\"top: 40px;left: -70px;width: 340px;height: 173px;\" data-parallax-speed=\"-0.1\" data-animation-delay=400><\/div><div class=\"kd-shapes shape_dots with-parallax kd-animated fadeInUp\" style=\"right: -10px;bottom: -100px;width: 172px;height: 173px;\" data-parallax-speed=\"-0.1\" data-animation-delay=400><\/div>[\/vc_column_inner][vc_column_inner css=&#8221;.vc_custom_1602841993222{padding-top: 30px !important;padding-right: 0px !important;padding-left: 90px !important;}&#8221; offset=&#8221;vc_col-lg-offset-0 vc_col-lg-6 vc_col-md-offset-2 vc_col-sm-offset-2&#8243; css_tablet_portrait=&#8221;.vc_custom_1602841993223{padding-right: 15px !important;padding-left: 15px !important;}&#8221; css_mobile=&#8221;.vc_custom_1602841993223{padding-right: 15px !important;padding-left: 15px !important;}&#8221;]<header class=\"kd-section-title col-lg-12 text-left  subtitle-below-title kd-animated fadeIn   vc_custom_1753797256113\" data-animation-delay=200><h2 class=\"separator_off\" style=\"margin-bottom:30px;\">Les produits concern\u00e9s par le PCEC<\/h2><\/header><ul class=\"kd-icon-list kd-animated fadeIn\" data-animation-delay=400><li class=\"kd-icon-list-item\"><span class=\"kd-list-text\" ><\/p>\n<ol>\n<li>l\u2019or et les autres m\u00e9taux pr\u00e9cieux&nbsp;;<\/li>\n<li>les pierres pr\u00e9cieuses&nbsp;;<\/li>\n<li>les objets d\u2019art&nbsp;;<\/li>\n<li>les m\u00e9taux de r\u00e9cup\u00e9ration&nbsp;;<\/li>\n<li>les explosifs, armes, munitions et autres mat\u00e9riels de guerre destin\u00e9s aux forces arm\u00e9es nationales et aux forces de l\u2019ordre ;<\/li>\n<li>les poissons, certains l\u00e9gumes et fruits, frais ou r\u00e9frig\u00e9r\u00e9s&nbsp;;<\/li>\n<li>les animaux vivants ;<\/li>\n<li>les plantes et produits de la floriculture;<\/li>\n<li>les films cin\u00e9matographiques impressionn\u00e9s et d\u00e9velopp\u00e9s&nbsp;;<\/li>\n<li>les journaux et p\u00e9riodiques courants, timbres postes ou fiscaux, papiers timbr\u00e9s, billets de banque&nbsp;; carnets de ch\u00e8que, passeports&nbsp;;<\/li>\n<li>les effets personnels et objets domestiques usag\u00e9s&nbsp;;<\/li>\n<li>les cadeaux personnels&nbsp;;<\/li>\n<li>les colis postaux sans valeur commerciale et courriers express ;<\/li>\n<li>les \u00e9chantillons commerciaux ;<\/li>\n<li>le p\u00e9trole brut ou partiellement raffin\u00e9<\/li>\n<li>certains dons de gouvernements \u00e9trangers, d\u2019organismes internationaux \u00e0 l\u2019Etat, aux fondations, \u0153uvres de bienfaisance, organismes philanthropiques reconnus d\u2019utilit\u00e9 publique&nbsp;;<\/li>\n<li>les fournitures import\u00e9es pour leurs propres besoins par les missions diplomatiques et consulaires, par les Organismes internationaux&nbsp;;<\/li>\n<li>les Importations compl\u00e8tes dont la valeur FOB est inf\u00e9rieure \u00e0 un million (1 000&#8217;000) Francs CFA ou la valeur \u00e9quivalente dans une autre devise&nbsp;;<\/li>\n<li>les biens import\u00e9s dans le cadre d\u2019une op\u00e9ration non commerciale effectu\u00e9e \u00e0 titre priv\u00e9 et non r\u00e9p\u00e9titive d\u2019une valeur FOB inf\u00e9rieure \u00e0 trois millions (3&nbsp;000&nbsp;000) de Francs CFA&nbsp;;<\/li>\n<li>les biens et mat\u00e9riels d\u2019\u00e9quipements d\u2019importation destin\u00e9s aux op\u00e9rations p\u00e9troli\u00e8res et mini\u00e8res&nbsp;;<\/li>\n<li>les importations li\u00e9es aux r\u00e9gimes francs&nbsp;;<\/li>\n<li>les produits du cru ou de l\u2019artisanat traditionnel d\u2019origine communautaire&nbsp;;<\/li>\n<\/ol>\n<p>&nbsp;<\/span><\/li><\/ul>[\/vc_column_inner][\/vc_row_inner][\/vc_column][\/vc_row][vc_row full_width=&#8221;stretch_row&#8221; content_placement=&#8221;middle&#8221; kd_background_image_position=&#8221;vc_row-bg-position-top&#8221; css=&#8221;.vc_custom_1598441109529{padding-top: 80px !important;padding-bottom: 80px !important;}&#8221;][vc_column offset=&#8221;vc_col-lg-5 vc_col-md-5&#8243;][vc_row_inner kd_background_image_position=&#8221;vc_row-bg-position-top&#8221;][vc_column_inner css=&#8221;.vc_custom_1541520230301{padding-left: 0px !important;}&#8221;]<header class=\"kd-section-title col-lg-12 text-left  subtitle-below-title kd-animated fadeIn   vc_custom_1753798620897\" data-animation-delay=200><h2 class=\"separator_off\" >Documents g\u00e9n\u00e9r\u00e9s par le PCEC<\/h2><h6 class=\"subtitle\" >Deux documents sont g\u00e9n\u00e9r\u00e9s par le PCEC il s\u2019agit du :<\/h6><\/header>[\/vc_column_inner][\/vc_row_inner][\/vc_column][vc_column offset=&#8221;vc_col-lg-7 vc_col-md-7&#8243; css=&#8221;.vc_custom_1599047825416{padding-left: 75px !important;}&#8221; css_tablet_portrait=&#8221;.vc_custom_1599047825417{margin-top: 50px !important;padding-left: 15px !important;}&#8221; css_mobile=&#8221;.vc_custom_1599047825418{margin-top: 50px !important;padding-left: 15px !important;}&#8221;][vc_row_inner kd_background_image_position=&#8221;vc_row-bg-position-top&#8221;][vc_column_inner width=&#8221;1\/2&#8243; css=&#8221;.vc_custom_1599047984322{padding-right: 0px !important;padding-left: 0px !important;}&#8221; css_tablet_portrait=&#8221;.vc_custom_1599047984324{padding-right: 10px !important;}&#8221;]<div class=\"key-icon-box icon-default icon-top cont-left ib-hover-2     icon-no-background icon-no-border kd-animated fadeInUp\" style=\"background-color: transparent;\" data-animation-delay=200><a href=\"#\" target=\"_self\"><div class=\"ib-wrapper\" style=\"padding-top:30px;padding-bottom:30px;padding-left:30px;padding-right:30px;\"><div class=\"ib-simple-icon-wrapper\" style=\"margin-bottom:25px;\"><i class=\"iconsmind-File-Bookmark iconsmind-Files-Class\" style=\"font-weight: 400;\"><\/i> <\/div><h5 class=\"service-heading\" >Certificat de conformit\u00e9 (CoC)<\/h5><p >le processus de v\u00e9rification des exp\u00e9ditions est concluent \/ positif<\/p><\/div><\/a><\/div>[\/vc_column_inner][vc_column_inner width=&#8221;1\/2&#8243; css=&#8221;.vc_custom_1599047992008{padding-right: 0px !important;padding-left: 0px !important;}&#8221; css_tablet_portrait=&#8221;.vc_custom_1599047992010{padding-left: 10px !important;}&#8221;]<div class=\"key-icon-box icon-default icon-top cont-left ib-hover-2     icon-no-background icon-no-border kd-animated fadeInUp\" style=\"background-color: transparent;\" data-animation-delay=400><a href=\"#\" target=\"_self\"><div class=\"ib-wrapper\" style=\"padding-top:30px;padding-bottom:30px;padding-left:30px;padding-right:30px;\"><div class=\"ib-simple-icon-wrapper\" style=\"margin-bottom:25px;\"><i class=\"iconsmind-File-Chart iconsmind-Files-Class\" style=\"font-weight: 400;\"><\/i> <\/div><h5 class=\"service-heading\" >Rapport de non-conformit\u00e9 (RnC)<\/h5><p >le processus de v\u00e9rification n\u2019a pas aboutit<\/p><\/div><\/a><\/div>[\/vc_column_inner][\/vc_row_inner][vc_row_inner kd_background_image_position=&#8221;vc_row-bg-position-top&#8221;][vc_column_inner width=&#8221;1\/2&#8243; css=&#8221;.vc_custom_1599047988170{padding-right: 0px !important;padding-left: 0px !important;}&#8221; css_tablet_portrait=&#8221;.vc_custom_1599047988173{padding-right: 10px !important;}&#8221;][\/vc_column_inner][vc_column_inner width=&#8221;1\/2&#8243; css=&#8221;.vc_custom_1599047996255{padding-right: 0px !important;padding-left: 0px !important;}&#8221; css_tablet_portrait=&#8221;.vc_custom_1599047996257{padding-left: 10px !important;}&#8221;][\/vc_column_inner][\/vc_row_inner][\/vc_column][\/vc_row]<\/p>\n<\/div>","protected":false},"excerpt":{"rendered":"<p>[vc_row full_width=&#8221;stretch_row_content_no_spaces&#8221; kd_background_image_position=&#8221;vc_row-bg-position-top&#8221; css=&#8221;.vc_custom_1753796276996{background-color: #FFFFFF !important;background-position: center !important;background-repeat: no-repeat !important;background-size: cover !important;}&#8221;][vc_column css=&#8221;.vc_custom_1753796292601{background-color: #FFFFFF !important;}&#8221;][vc_row_inner full_width=&#8221;inner_row_contained&#8221; kd_background_image_position=&#8221;vc_row-bg-position-top&#8221; kd_background_overlay=&#8221;true&#8221; css=&#8221;.vc_custom_1753796384811{margin-right: 60px [&hellip;]<\/p>\n","protected":false},"author":1,"featured_media":0,"parent":0,"menu_order":0,"comment_status":"closed","ping_status":"closed","template":"","meta":{"give_campaign_id":0,"_monsterinsights_skip_tracking":false,"_monsterinsights_sitenote_active":false,"_monsterinsights_sitenote_note":"","_monsterinsights_sitenote_category":0,"footnotes":""},"class_list":["post-78","page","type-page","status-publish","hentry"],"aioseo_notices":[],"campaignId":"","_links":{"self":[{"href":"https:\/\/www.aconoq-apps.com\/aconoq\/wp-json\/wp\/v2\/pages\/78","targetHints":{"allow":["GET"]}}],"collection":[{"href":"https:\/\/www.aconoq-apps.com\/aconoq\/wp-json\/wp\/v2\/pages"}],"about":[{"href":"https:\/\/www.aconoq-apps.com\/aconoq\/wp-json\/wp\/v2\/types\/page"}],"author":[{"embeddable":true,"href":"https:\/\/www.aconoq-apps.com\/aconoq\/wp-json\/wp\/v2\/users\/1"}],"replies":[{"embeddable":true,"href":"https:\/\/www.aconoq-apps.com\/aconoq\/wp-json\/wp\/v2\/comments?post=78"}],"version-history":[{"count":13,"href":"https:\/\/www.aconoq-apps.com\/aconoq\/wp-json\/wp\/v2\/pages\/78\/revisions"}],"predecessor-version":[{"id":9995,"href":"https:\/\/www.aconoq-apps.com\/aconoq\/wp-json\/wp\/v2\/pages\/78\/revisions\/9995"}],"wp:attachment":[{"href":"https:\/\/www.aconoq-apps.com\/aconoq\/wp-json\/wp\/v2\/media?parent=78"}],"curies":[{"name":"wp","href":"https:\/\/api.w.org\/{rel}","templated":true}]}}