{"id":6322,"date":"2023-11-29T05:50:35","date_gmt":"2023-11-29T05:50:35","guid":{"rendered":"https:\/\/aconoq.cg\/demo2\/?page_id=53"},"modified":"2025-07-30T12:24:18","modified_gmt":"2025-07-30T12:24:18","slug":"activites-de-la-metrologie","status":"publish","type":"page","link":"https:\/\/www.aconoq-apps.com\/aconoq\/activites-de-la-metrologie\/","title":{"rendered":"Activit\u00e9s de la m\u00e9trologie"},"content":{"rendered":"<div class=\"wpb-content-wrapper\"><p>[vc_row full_width=&#8221;stretch_row&#8221; content_placement=&#8221;middle&#8221; kd_background_image_position=&#8221;vc_row-bg-position-top&#8221; css=&#8221;.vc_custom_1598441109529{padding-top: 80px !important;padding-bottom: 80px !important;}&#8221;][vc_column offset=&#8221;vc_col-lg-5 vc_col-md-5&#8243;][vc_row_inner kd_background_image_position=&#8221;vc_row-bg-position-top&#8221; css=&#8221;.vc_custom_1753878222342{padding-bottom: 200px !important;}&#8221;][vc_column_inner css=&#8221;.vc_custom_1541520230301{padding-left: 0px !important;}&#8221;]<header class=\"kd-section-title col-lg-12 text-left  subtitle-below-title kd-animated fadeIn   vc_custom_1753877897413\" data-animation-delay=200><h2 class=\"separator_off\" >Diff\u00e9rents types de m\u00e9trologie<\/h2><\/header>[vc_single_image image=&#8221;5921&#8243; img_size=&#8221;full&#8221; css=&#8221;&#8221;][\/vc_column_inner][\/vc_row_inner][\/vc_column][vc_column offset=&#8221;vc_col-lg-7 vc_col-md-7&#8243; css=&#8221;.vc_custom_1599047825416{padding-left: 75px !important;}&#8221; css_tablet_portrait=&#8221;.vc_custom_1599047825417{margin-top: 50px !important;padding-left: 15px !important;}&#8221; css_mobile=&#8221;.vc_custom_1599047825418{margin-top: 50px !important;padding-left: 15px !important;}&#8221;][vc_row_inner kd_background_image_position=&#8221;vc_row-bg-position-top&#8221;][vc_column_inner width=&#8221;1\/2&#8243; css=&#8221;.vc_custom_1599047984322{padding-right: 0px !important;padding-left: 0px !important;}&#8221; css_tablet_portrait=&#8221;.vc_custom_1599047984324{padding-right: 10px !important;}&#8221;]<div class=\"key-icon-box icon-default icon-top cont-left ib-hover-2     icon-no-background icon-no-border kd-animated fadeInUp\" style=\"background-color: transparent;\" data-animation-delay=200><a href=\"#\" target=\"_self\"><div class=\"ib-wrapper\" style=\"padding-top:30px;padding-bottom:30px;padding-left:30px;padding-right:30px;\"><div class=\"ib-simple-icon-wrapper\" style=\"margin-bottom:25px;\"><i class=\"iconsmind-Bar-Chart5 iconsmind-Business-Finance\" style=\"font-weight: 400;\"><\/i> <\/div><h5 class=\"service-heading\" >M\u00e9trologie scientifique<\/h5><p >- Recherche scientifique<br \/>\n- D\u00e9veloppement des unit\u00e9s de mesure<\/p><\/div><\/a><\/div><div class=\"key-icon-box icon-default icon-top cont-left ib-hover-2     icon-no-background icon-no-border kd-animated fadeInUp\" style=\"background-color: transparent;\" data-animation-delay=200><a href=\"#\" target=\"_self\"><div class=\"ib-wrapper\" style=\"padding-top:30px;padding-bottom:30px;padding-left:30px;padding-right:30px;\"><div class=\"ib-simple-icon-wrapper\" style=\"margin-bottom:25px;\"><i class=\"iconsmind-Map2 iconsmind-Maps-Locations\" style=\"font-weight: 400;\"><\/i> <\/div><h5 class=\"service-heading\" >M\u00e9trologie l\u00e9gale<\/h5><p ><br \/>\n - Approbation des mod\u00e8les d\u2019instruments de mesure<br \/>\n - V\u00e9rification primitive<br \/>\n - V\u00e9rification p\u00e9riodique<br \/>\n- Agr\u00e9ment des structures exer\u00e7ant dans le domaine de la m\u00e9trologie<\/p><\/div><\/a><\/div>[\/vc_column_inner][vc_column_inner width=&#8221;1\/2&#8243; css=&#8221;.vc_custom_1599047992008{padding-right: 0px !important;padding-left: 0px !important;}&#8221; css_tablet_portrait=&#8221;.vc_custom_1599047992010{padding-left: 10px !important;}&#8221;]<div class=\"key-icon-box icon-default icon-top cont-left ib-hover-2     icon-no-background icon-no-border kd-animated fadeInUp\" style=\"background-color: transparent;\" data-animation-delay=400><a href=\"#\" target=\"_self\"><div class=\"ib-wrapper\" style=\"padding-top:30px;padding-bottom:30px;padding-left:30px;padding-right:30px;\"><div class=\"ib-simple-icon-wrapper\" style=\"margin-bottom:25px;\"><i class=\"iconsmind-Cursor-Click2 iconsmind-Interface\" style=\"font-weight: 400;\"><\/i> <\/div><h5 class=\"service-heading\" >M\u00e9trologie indsutrielle<\/h5><p >La m\u00e9trologie industrielle est un processus mis en place par les entreprises afin d\u2019attester avec certitude de la conformit\u00e9 et de la validit\u00e9 des produits en v\u00e9rifiant leurs caract\u00e9ristiques. Cette d\u00e9marche r\u00e9pond \u00e0 des normes mondiales et permet \u00e0 l\u2019entreprise de certifier son savoir-faire ou la qualit\u00e9 de ses produits<\/p><\/div><\/a><\/div>[\/vc_column_inner][\/vc_row_inner][\/vc_column][\/vc_row]<\/p>\n<\/div>","protected":false},"excerpt":{"rendered":"<p>[vc_row full_width=&#8221;stretch_row&#8221; content_placement=&#8221;middle&#8221; kd_background_image_position=&#8221;vc_row-bg-position-top&#8221; css=&#8221;.vc_custom_1598441109529{padding-top: 80px !important;padding-bottom: 80px !important;}&#8221;][vc_column offset=&#8221;vc_col-lg-5 vc_col-md-5&#8243;][vc_row_inner kd_background_image_position=&#8221;vc_row-bg-position-top&#8221; css=&#8221;.vc_custom_1753878222342{padding-bottom: 200px !important;}&#8221;][vc_column_inner css=&#8221;.vc_custom_1541520230301{padding-left: 0px !important;}&#8221;][vc_single_image image=&#8221;5921&#8243; img_size=&#8221;full&#8221; [&hellip;]<\/p>\n","protected":false},"author":1,"featured_media":0,"parent":0,"menu_order":0,"comment_status":"closed","ping_status":"closed","template":"","meta":{"give_campaign_id":0,"_monsterinsights_skip_tracking":false,"_monsterinsights_sitenote_active":false,"_monsterinsights_sitenote_note":"","_monsterinsights_sitenote_category":0,"footnotes":""},"class_list":["post-6322","page","type-page","status-publish","hentry"],"aioseo_notices":[],"campaignId":"","_links":{"self":[{"href":"https:\/\/www.aconoq-apps.com\/aconoq\/wp-json\/wp\/v2\/pages\/6322","targetHints":{"allow":["GET"]}}],"collection":[{"href":"https:\/\/www.aconoq-apps.com\/aconoq\/wp-json\/wp\/v2\/pages"}],"about":[{"href":"https:\/\/www.aconoq-apps.com\/aconoq\/wp-json\/wp\/v2\/types\/page"}],"author":[{"embeddable":true,"href":"https:\/\/www.aconoq-apps.com\/aconoq\/wp-json\/wp\/v2\/users\/1"}],"replies":[{"embeddable":true,"href":"https:\/\/www.aconoq-apps.com\/aconoq\/wp-json\/wp\/v2\/comments?post=6322"}],"version-history":[{"count":2,"href":"https:\/\/www.aconoq-apps.com\/aconoq\/wp-json\/wp\/v2\/pages\/6322\/revisions"}],"predecessor-version":[{"id":9994,"href":"https:\/\/www.aconoq-apps.com\/aconoq\/wp-json\/wp\/v2\/pages\/6322\/revisions\/9994"}],"wp:attachment":[{"href":"https:\/\/www.aconoq-apps.com\/aconoq\/wp-json\/wp\/v2\/media?parent=6322"}],"curies":[{"name":"wp","href":"https:\/\/api.w.org\/{rel}","templated":true}]}}