{"id":6321,"date":"2023-11-29T05:49:25","date_gmt":"2023-11-29T05:49:25","guid":{"rendered":"https:\/\/aconoq.cg\/demo2\/?page_id=51"},"modified":"2023-11-29T05:49:25","modified_gmt":"2023-11-29T05:49:25","slug":"metrologie","status":"publish","type":"page","link":"https:\/\/www.aconoq-apps.com\/aconoq\/metrologie\/","title":{"rendered":"M\u00e9trologie"},"content":{"rendered":"\n<h4 class=\"wp-block-heading\">QU&#8217;EST-CE QUE LA METROLOGIE ?<\/h4>\n\n\n\n<p>La m\u00e9trologie est la science des mesurages et ses applications.<br>Elle comprend tous les aspects th\u00e9oriques et pratiques des mesurages, quels que soient l\u2019incertitude de mesure et le domaine d\u2019application.<\/p>\n\n\n\n<p>La m\u00e9trologie rassemble l\u2019ensemble des techniques permettant de r\u00e9aliser des mesures, de les interpr\u00e9ter et d\u2019assurer leur fiabilit\u00e9.<\/p>\n\n\n\n<p>Elle peut \u00eatre l\u00e9gale, fondamentale (ou scientifique) ou industrielle appliqu\u00e9e \u00e0 tous les secteurs d\u2019activit\u00e9.<\/p>\n\n\n\n<h4 class=\"wp-block-heading\">QUELLES SONT LES COMPOSANTES DE LA METROLOGIE ?<\/h4>\n\n\n\n<p>La m\u00e9trologie est divis\u00e9e en trois grande composantes, \u00e0 savoir&nbsp;:<\/p>\n\n\n\n<h5 class=\"wp-block-heading\"><strong>1. LA METROLOGIE SCIENTIFIQUE<\/strong><\/h5>\n\n\n\n<p>Elle traite de l\u2019organisation et du d\u00e9veloppement des \u00e9talons de mesure et de leur maintien \u00e0 niveau (au plus haut niveau).<\/p>\n\n\n\n<h5 class=\"wp-block-heading\"><strong>2. LA METROLOGIE INDUSTRIELLE<\/strong><\/h5>\n\n\n\n<p>Elle concerne l\u2019application de la science de mesure \u00e0 la fabrication et aux autres processus industriels, le choix des instruments de mesure en ad\u00e9quation avec leurs applications, l\u2019\u00e9talonnage des instruments de mesure et le contr\u00f4le de la qualit\u00e9 de mesure.<\/p>\n\n\n\n<h5 class=\"wp-block-heading\"><strong>3. LA METROLOGIE LEGALE<\/strong><\/h5>\n\n\n\n<p>Elle concerne les exigences r\u00e8glementaires sur les mesures et les appareils de mesures, rentrant dans le cadre des transactions commerciales et la protection des consommateurs<\/p>\n\n\n\n<h4 class=\"wp-block-heading\">LA METROLOGIE ET LE DEVELOPPEMENT<\/h4>\n\n\n\n<ul class=\"wp-block-list\" id=\"menu-1-053c238\">\n<li><a href=\"https:\/\/aconoq.cg\/acteurs-de-la-metrologie\/\">ACTEURS DE LA METROLOGIE<\/a><\/li>\n\n\n\n<li><a href=\"https:\/\/aconoq.cg\/activites-metrologiques\/\">ACTIVITES METROLOGIQUES<\/a><\/li>\n\n\n\n<li><a href=\"https:\/\/aconoq.cg\/zoom-sur-la-metrologie\/\">ZOOM SUR LA METROLOGIE<\/a><\/li>\n<\/ul>\n\n\n\n<p><strong>A. La m\u00e9trologie scientifique :<\/strong> est un domaine o\u00f9 les scientifiques de tous les pays travaillent sur la d\u00e9finition des unit\u00e9s de mesure et leur mat\u00e9rialisation. C\u2019est le domaine le plus \u00e9lev\u00e9 de la m\u00e9trologie, il comprend des instruments et des techniques de mesure.<\/p>\n\n\n\n<p><strong>B. La m\u00e9trologie industrielle :<\/strong><\/p>\n\n\n\n<p>Elle embrasse tous les secteurs d\u2019activit\u00e9s. Dans une entreprise, par exemple elle est une composante essentielle de la qualit\u00e9 des produits et des services, elle constitue donc un v\u00e9ritable enjeu de comp\u00e9tivit\u00e9.<\/p>\n\n\n\n<p>La m\u00e9trologie industrielle c\u2019est organis\u00e9 l\u2019ensemble des ressources m\u00e9trologique de l\u2019entreprise notamment :<\/p>\n\n\n\n<ul class=\"wp-block-list\">\n<li>Maitriser les caract\u00e9ristiques de ses instruments<\/li>\n\n\n\n<li>Maitriser les sp\u00e9cificit\u00e9s de ses produits<\/li>\n\n\n\n<li>Maitriser les exigences de ses clients<\/li>\n\n\n\n<li>Maitriser les exigences de ses r\u00e9f\u00e9rentiels qualit\u00e9<\/li>\n<\/ul>\n\n\n\n<p>En d\u00e9finitive, la maitrise de la mesure dans le cadre de la m\u00e9trologie industrielle permet de&nbsp;:<\/p>\n\n\n\n<ul class=\"wp-block-list\">\n<li>Maitriser la conformit\u00e9 des produits<\/li>\n\n\n\n<li>Garantir la meilleure rentabilit\u00e9<\/li>\n\n\n\n<li>Augmenter la satisfaction du client<\/li>\n<\/ul>\n\n\n\n<p>La m\u00e9trologie l\u00e9gale prot\u00e8ge les consommateurs, et l\u2019environnement. Elle apporte au plan national un certain niveau de s\u00e9curit\u00e9 et de confiance. S\u00e9curit\u00e9 des consommateurs dans leurs actes d\u2019achats quotidien. Elle garantit aussi l\u2019\u00e9quit\u00e9 dans les transactions commerciales.<\/p>\n\n\n\n<p>&nbsp; Le r\u00f4le de l\u2019Etat, est de mettre les citoyens \u00e0 l\u2019abri des man\u0153uvres d\u00e9loyales pouvant les tromp\u00e9es sur la quantit\u00e9 ou sur la qualit\u00e9 des biens, produits et services qu\u2019ils ach\u00e8tent ou vendent. Elle joue donc un r\u00f4le social \u00e9vident mais aussi un r\u00f4le \u00e9conomique important.&nbsp;&nbsp;<\/p>\n","protected":false},"excerpt":{"rendered":"<p>QU&#8217;EST-CE QUE LA METROLOGIE ? La m\u00e9trologie est la science des mesurages et ses applications.Elle comprend tous les aspects th\u00e9oriques [&hellip;]<\/p>\n","protected":false},"author":1,"featured_media":0,"parent":0,"menu_order":0,"comment_status":"closed","ping_status":"closed","template":"","meta":{"give_campaign_id":0,"_monsterinsights_skip_tracking":false,"_monsterinsights_sitenote_active":false,"_monsterinsights_sitenote_note":"","_monsterinsights_sitenote_category":0,"footnotes":""},"class_list":["post-6321","page","type-page","status-publish","hentry"],"aioseo_notices":[],"campaignId":"","_links":{"self":[{"href":"https:\/\/www.aconoq-apps.com\/aconoq\/wp-json\/wp\/v2\/pages\/6321","targetHints":{"allow":["GET"]}}],"collection":[{"href":"https:\/\/www.aconoq-apps.com\/aconoq\/wp-json\/wp\/v2\/pages"}],"about":[{"href":"https:\/\/www.aconoq-apps.com\/aconoq\/wp-json\/wp\/v2\/types\/page"}],"author":[{"embeddable":true,"href":"https:\/\/www.aconoq-apps.com\/aconoq\/wp-json\/wp\/v2\/users\/1"}],"replies":[{"embeddable":true,"href":"https:\/\/www.aconoq-apps.com\/aconoq\/wp-json\/wp\/v2\/comments?post=6321"}],"version-history":[{"count":0,"href":"https:\/\/www.aconoq-apps.com\/aconoq\/wp-json\/wp\/v2\/pages\/6321\/revisions"}],"wp:attachment":[{"href":"https:\/\/www.aconoq-apps.com\/aconoq\/wp-json\/wp\/v2\/media?parent=6321"}],"curies":[{"name":"wp","href":"https:\/\/api.w.org\/{rel}","templated":true}]}}