{"id":3855,"date":"2023-11-29T05:39:13","date_gmt":"2023-11-29T05:39:13","guid":{"rendered":"https:\/\/aconoq.cg\/demo2\/?page_id=17"},"modified":"2025-09-18T11:56:46","modified_gmt":"2025-09-18T11:56:46","slug":"processus-delaboration-des-normes","status":"publish","type":"page","link":"https:\/\/www.aconoq-apps.com\/aconoq\/processus-delaboration-des-normes\/","title":{"rendered":"Processus d\\&#8217;\u00e9laboration des normes"},"content":{"rendered":"<div class=\"wpb-content-wrapper\"><p>[vc_row full_width=&#8221;stretch_row&#8221; kd_background_image_position=&#8221;vc_row-bg-position-top&#8221; css=&#8221;.vc_custom_1598010898231{padding-top: 100px !important;padding-bottom: 100px !important;}&#8221;][vc_column]\r\n            <div class=\"kd-process-steps process_three_elem process-checkbox-template \">\r\n                <ul>\r\n                <li class=\"pss-item kd-animated fadeIn \" >\r\n                    <div class=\"pss-container\"><div class=\"pss-step-number\"><span >1<\/span><\/div><div class=\"pss-text-area\"><h5 >Etude de faisabilit\u00e9<\/h5><p >Avant d'entamer l'\u00e9laboration des normes, le normalisateur doit remplir une fiche d'\u00e9tude de faisabilit\u00e9 <\/p><a href=\"https:\/\/www.aconoq-apps.com\/aconoq\/processus-delaboration-des-normes-les-etapes\/#etude-faisabilite\" class=\"tt_button tt_secondary_button btn_primary_color default_header_btn\"  target=\"_self\" title=\"\">En savoir plus<\/a><\/div>\r\n                    <\/div>\r\n                <\/li>\r\n                <li class=\"pss-item kd-animated fadeIn \" data-animation-delay=200>\r\n                    <div class=\"pss-container\"><div class=\"pss-step-number\"><span >2<\/span><\/div><div class=\"pss-text-area\"><h5 >R\u00e9union de concertation avec la fili\u00e8re<\/h5><p >Cette r\u00e9union qui regroupe la Direction de L\u2019ACONOQ, les fabricants, les producteurs, les importateurs, les exportateurs, les distributeurs et les laboratoires d'essai <\/p><a href=\"#\" class=\"tt_button tt_secondary_button btn_primary_color default_header_btn\"  target=\"_self\" title=\"\">En savoir plus<\/a><\/div>\r\n                    <\/div>\r\n                <\/li>\r\n                <li class=\"pss-item kd-animated fadeIn \" data-animation-delay=400>\r\n                    <div class=\"pss-container\"><div class=\"pss-step-number\"><span >3<\/span><\/div><div class=\"pss-text-area\"><h5 >Travaux pr\u00e9paratoires \u00e0 l'\u00e9tude des normes<\/h5><p >L'avant-projet de norme peut \u00eatre bas\u00e9 sur une norme internationale ou sur une norme d'autre pays ou sur l'exp\u00e9rience qu'on a recueillie des fabricants, des utilisateurs, etc. <\/p><a href=\"#\" class=\"tt_button tt_secondary_button btn_primary_color default_header_btn\"  target=\"_self\" title=\"\">En savoir plus<\/a><\/div>\r\n                    <\/div>\r\n                <\/li><\/ul>\r\n            <\/div>[\/vc_column][\/vc_row][vc_row full_width=&#8221;stretch_row&#8221; kd_background_image_position=&#8221;vc_row-bg-position-top&#8221; css=&#8221;.vc_custom_1758194147204{padding-top: 50px !important;padding-bottom: 100px !important;}&#8221; top_section_title=&#8221;&#8221; bottom_section_title=&#8221;&#8221;][vc_column]\r\n            <div class=\"kd-process-steps process_three_elem process-checkbox-template \">\r\n                <ul>\r\n                <li class=\"pss-item kd-animated fadeIn \" >\r\n                    <div class=\"pss-container\"><div class=\"pss-step-number\"><span >4<\/span><\/div><div class=\"pss-text-area\"><h5 >Etude de l'avant projet de la norme<\/h5><p >Le Groupe de Travail ou le Sous- Comit\u00e9 tient le nombre de r\u00e9unions n\u00e9cessaires \u00e0 l'examen complet de l'avant-projet et \u00e0 l'obtention d'un large accord qu'on appelle commun\u00e9ment ``consensus``. <\/p><a href=\"#\" class=\"tt_button tt_secondary_button btn_primary_color default_header_btn\"  target=\"_self\" title=\"\">En savoir plus<\/a><\/div>\r\n                    <\/div>\r\n                <\/li>\r\n                <li class=\"pss-item kd-animated fadeIn \" data-animation-delay=200>\r\n                    <div class=\"pss-container\"><div class=\"pss-step-number\"><span >5<\/span><\/div><div class=\"pss-text-area\"><h5 >Diffusion du projet de norme \u00e0 l'enqu\u00eate publique<\/h5><p >L'enqu\u00eate publique a pour but de rechercher un plus large consensus dans l'\u00e9laboration des normes <\/p><a href=\"#\" class=\"tt_button tt_secondary_button btn_primary_color default_header_btn\"  target=\"_self\" title=\"\">En savoir plus<\/a><\/div>\r\n                    <\/div>\r\n                <\/li>\r\n                <li class=\"pss-item kd-animated fadeIn \" data-animation-delay=400>\r\n                    <div class=\"pss-container\"><div class=\"pss-step-number\"><span >6<\/span><\/div><div class=\"pss-text-area\"><h5 >Examen des r\u00e9ponses de l'enqu\u00eate publique par le sous-comit\u00e9<\/h5><p >Dans le cas o\u00f9 il y a des commentaires essentiels, ils doivent \u00eatre repris par le Secr\u00e9taire Technique sous forme de rapport dans lequel ils sont class\u00e9s d'apr\u00e8s les paragraphes auxquels ils se rapportent. <\/p><a href=\"#\" class=\"tt_button tt_secondary_button btn_primary_color default_header_btn\"  target=\"_self\" title=\"\">En savoir plus<\/a><\/div>\r\n                    <\/div>\r\n                <\/li><\/ul>\r\n            <\/div>[\/vc_column][\/vc_row][vc_row full_width=&#8221;stretch_row&#8221; kd_background_image_position=&#8221;vc_row-bg-position-top&#8221; css=&#8221;.vc_custom_1758194130533{padding-top: 30px !important;padding-bottom: 100px !important;}&#8221; top_section_title=&#8221;&#8221; bottom_section_title=&#8221;&#8221;][vc_column]\r\n            <div class=\"kd-process-steps process_three_elem process-checkbox-template \">\r\n                <ul>\r\n                <li class=\"pss-item kd-animated fadeIn \" >\r\n                    <div class=\"pss-container\"><div class=\"pss-step-number\"><span >7<\/span><\/div><div class=\"pss-text-area\"><h5 >Examen et adoption du projet de norme par le comit\u00e9 technique<\/h5><p >Le projet de norme est distribu\u00e9 aux membres du Comit\u00e9 Technique concern\u00e9 pour examen et adoption<\/p><a href=\"#\" class=\"tt_button tt_secondary_button btn_primary_color default_header_btn\"  target=\"_self\" title=\"\">En savoir plus<\/a><\/div>\r\n                    <\/div>\r\n                <\/li><\/ul>\r\n            <\/div>[\/vc_column][\/vc_row]<\/p>\n<\/div>","protected":false},"excerpt":{"rendered":"<p>[vc_row full_width=&#8221;stretch_row&#8221; kd_background_image_position=&#8221;vc_row-bg-position-top&#8221; css=&#8221;.vc_custom_1598010898231{padding-top: 100px !important;padding-bottom: 100px !important;}&#8221;][vc_column][\/vc_column][\/vc_row][vc_row full_width=&#8221;stretch_row&#8221; kd_background_image_position=&#8221;vc_row-bg-position-top&#8221; css=&#8221;.vc_custom_1758194147204{padding-top: 50px !important;padding-bottom: 100px !important;}&#8221; top_section_title=&#8221;&#8221; bottom_section_title=&#8221;&#8221;][vc_column][\/vc_column][\/vc_row][vc_row full_width=&#8221;stretch_row&#8221; kd_background_image_position=&#8221;vc_row-bg-position-top&#8221; css=&#8221;.vc_custom_1758194130533{padding-top: [&hellip;]<\/p>\n","protected":false},"author":1,"featured_media":0,"parent":0,"menu_order":0,"comment_status":"closed","ping_status":"closed","template":"","meta":{"give_campaign_id":0,"_monsterinsights_skip_tracking":false,"_monsterinsights_sitenote_active":false,"_monsterinsights_sitenote_note":"","_monsterinsights_sitenote_category":0,"footnotes":""},"class_list":["post-3855","page","type-page","status-publish","hentry"],"aioseo_notices":[],"campaignId":"","_links":{"self":[{"href":"https:\/\/www.aconoq-apps.com\/aconoq\/wp-json\/wp\/v2\/pages\/3855","targetHints":{"allow":["GET"]}}],"collection":[{"href":"https:\/\/www.aconoq-apps.com\/aconoq\/wp-json\/wp\/v2\/pages"}],"about":[{"href":"https:\/\/www.aconoq-apps.com\/aconoq\/wp-json\/wp\/v2\/types\/page"}],"author":[{"embeddable":true,"href":"https:\/\/www.aconoq-apps.com\/aconoq\/wp-json\/wp\/v2\/users\/1"}],"replies":[{"embeddable":true,"href":"https:\/\/www.aconoq-apps.com\/aconoq\/wp-json\/wp\/v2\/comments?post=3855"}],"version-history":[{"count":6,"href":"https:\/\/www.aconoq-apps.com\/aconoq\/wp-json\/wp\/v2\/pages\/3855\/revisions"}],"predecessor-version":[{"id":10107,"href":"https:\/\/www.aconoq-apps.com\/aconoq\/wp-json\/wp\/v2\/pages\/3855\/revisions\/10107"}],"wp:attachment":[{"href":"https:\/\/www.aconoq-apps.com\/aconoq\/wp-json\/wp\/v2\/media?parent=3855"}],"curies":[{"name":"wp","href":"https:\/\/api.w.org\/{rel}","templated":true}]}}