{"id":3853,"date":"2023-11-29T05:38:21","date_gmt":"2023-11-29T05:38:21","guid":{"rendered":"https:\/\/aconoq.cg\/demo2\/?page_id=13"},"modified":"2025-07-07T13:42:59","modified_gmt":"2025-07-07T13:42:59","slug":"zoom-sur-la-normalisation","status":"publish","type":"page","link":"https:\/\/www.aconoq-apps.com\/aconoq\/zoom-sur-la-normalisation\/","title":{"rendered":"Zoom sur la normalisation"},"content":{"rendered":"\n<h4 class=\"wp-block-heading\">QU&#8217;EST-CE QUE LA NORMALISATION ?<\/h4>\n\n\n\n<p>La normalisation est une activit\u00e9 d\u2019int\u00e9r\u00eat g\u00e9n\u00e9ral qui vise \u00e0 fournir, de fa\u00e7on consensuelle, des documents de r\u00e9ference portant sur&nbsp; des lignes directrices, des r\u00e9gles, des m\u00e9thodes, des prescriptions techniques ou qualitatives relatives \u00e0 des produits, des m\u00e9thodes, des services ou pratiques.&nbsp;&nbsp;Elle vise \u00e0 appuyer le d\u00e9veloppement \u00e9conomique et l\u2019innovation tout en prenant en compte les Objectifs de D\u00e9veloppement Durables.&nbsp;<\/p>\n\n\n\n<h4 class=\"wp-block-heading\">QU&#8217;EST-CE QUE LA NORME ?<\/h4>\n\n\n\n<p><strong>Selon le Guide ISO\/ CEI 2<\/strong>&nbsp;la norme est un&nbsp;<strong>document<\/strong>&nbsp;\u00e9tabli par&nbsp;<strong>consensus&nbsp;<\/strong>et approuv\u00e9 par un&nbsp;<strong>organisme reconnu<\/strong>&nbsp;qui fournit pour des usages communs et r\u00e9p\u00e9t\u00e9s, des r\u00e9sultats garantissant&nbsp;<strong>un niveau d\u2019ordre optimal<\/strong>&nbsp;dans un contexte donn\u00e9.<\/p>\n\n\n\n<p>Une norme est un document qui pr\u00e9cise des d\u00e9finitions, exigences, sp\u00e9cifications, lignes directrices ou caract\u00e9ristiques \u00e0 utiliser syst\u00e9matiquement pour assurer l\u2019aptitude \u00e0 l\u2019emploi des mat\u00e9riaux, produits, processus et services.<\/p>\n\n\n\n<p>Les normes peuvent \u00eatre \u00e9labor\u00e9es par des organismes nationaux, r\u00e9gionaux ou internationaux \u00e0 activit\u00e9s normatives, ainsi que par des entreprises ou d\u2019autres organismes pour leur propre usage interne. Elles peuvent \u00eatre \u00e9galement \u00e9labor\u00e9es par des consortiums \u00e9conomiques soucieux de r\u00e9pondre \u00e0 des besoins sp\u00e9cifiques du march\u00e9 ou par des minist\u00e8res gouvernementaux en vue d\u2019\u00e9tayer des r\u00e8glements.<\/p>\n\n\n\n<div style=\"height:52px\" aria-hidden=\"true\" class=\"wp-block-spacer\"><\/div>\n\n\n\n<h4 class=\"wp-block-heading\">TYPOLOGIE DES NORMES<\/h4>\n\n\n\n<h4 class=\"wp-block-heading\"><strong>Les normes fondamentales :<\/strong><\/h4>\n\n\n\n<p>Elles portent sur la terminologie, la m\u00e9trologie, les conventions, les signes, les symboles\u2026<\/p>\n\n\n\n<h4 class=\"wp-block-heading\"><strong>Les normes de sp\u00e9cification :<\/strong><\/h4>\n\n\n\n<p>Elles fixent les caract\u00e9ristiques d\u2019un produit ou d\u2019un service et leurs seuils de performances \u00e0 atteindre (aptitude \u00e0 l\u2019emploi, interface et interchangeabilit\u00e9, sant\u00e9, s\u00e9curit\u00e9, protection de l\u2019environnement, contrats-types, documentation accompagnant le produit ou le service\u2026).<\/p>\n\n\n\n<h4 class=\"wp-block-heading\"><strong>Les normes de m\u00e9thode d\u2019essai et d\u2019analyse :<\/strong><\/h4>\n\n\n\n<p>Ces normes mesurent les caract\u00e9ristiques et les performances d\u2019un produit.<\/p>\n\n\n\n<h4 class=\"wp-block-heading\"><strong>Les normes d\u2019organisation et de services :<\/strong><\/h4>\n\n\n\n<p>Elles portent d\u2019une part sur la description et la mod\u00e9lisation des fonctions de l\u2019entreprise (maintenance, &nbsp;logistique, management de la qualit\u00e9, gestion de production\u2026) et d\u2019autre part sur la d\u00e9finition et les performances des activit\u00e9s de services.<\/p>\n\n\n\n<div style=\"height:52px\" aria-hidden=\"true\" class=\"wp-block-spacer\"><\/div>\n\n\n\n<h4 class=\"wp-block-heading\">LES PRINCIPES DE LA NORMALISATION<\/h4>\n\n\n\n<p>Le d\u00e9veloppement de normes congolaises doit \u00eatre en conformit\u00e9 avec les principes, tels que d\u00e9finis dans l\u2019Accord entre ISO et OMC \/ OTC.<\/p>\n\n\n\n<h4 class=\"wp-block-heading\"><strong>1. Ind\u00e9pendance :<\/strong><\/h4>\n\n\n\n<p>L\u2019Organe Technique de Normalisation est ind\u00e9pendant (dans le cadre de son travail normatif) si les influences auxquelles il est soumis sont connues des parties prenantes, et si celles-ci lui reconnaissent une ind\u00e9pendance de comportement.<\/p>\n\n\n\n<p>L\u2019ind\u00e9pendance de comportement d\u2019un organe technique de normalisation repose sur les rapports qu\u2019il entretient avec les parties prenantes qui le financent, sur le comportement des personnes qui l\u2019animent, sur la possibilit\u00e9 d\u2019expression des parties int\u00e9ress\u00e9es, sur la diversit\u00e9 des parties prenantes.<\/p>\n\n\n\n<p><strong>NOTE&nbsp;<\/strong>: Cette ind\u00e9pendance de comportement de l\u2019organe technique de normalisation vise \u00e0 maintenir un \u00e9quilibre entre les enjeux \u00e9conomiques, soci\u00e9taux et environnementaux induits par le travail normatif.<\/p>\n\n\n\n<h4 class=\"wp-block-heading\"><strong>2. Ouverture :<\/strong><\/h4>\n\n\n\n<p>Le travail normatif est ouvert \u00e0 toutes les parties int\u00e9ress\u00e9es qui ont la possibilit\u00e9 d\u2019y participer et d\u2019en devenir ainsi parties prenantes.<\/p>\n\n\n\n<p>Les parties prenantes sont invit\u00e9es \u00e0 participer \u00e0 la d\u00e9finition des strat\u00e9gies normatives d\u2019un secteur ou d\u2019une th\u00e9matique transversale au sein des comit\u00e9s techniques. Cette d\u00e9finition des strat\u00e9gies normatives d\u2019un secteur est ouverte aux parties int\u00e9ress\u00e9es.<\/p>\n\n\n\n<p>Dans les organes techniques de normalisation les parties prenantes sont impliqu\u00e9es \u00e0 toutes les \u00e9tapes du travail normatif. Ils sont invit\u00e9s \u00e0 suivre les programmes de travail, \u00e0 participer \u00e0 l\u2019\u00e9laboration des documents de normalisation et \u00e0 prendre des responsabilit\u00e9s dans les structures de normalisation.<\/p>\n\n\n\n<p>Le travail normatif \u00e9tant une \u0153uvre collective, nulle partie prenante ne peut se l\u2019approprier et en revendiquer la propri\u00e9t\u00e9 intellectuelle.<\/p>\n\n\n\n<p>La propri\u00e9t\u00e9 intellectuelle appartient \u00e0 l\u2019Agence Congolaise de Normalisation et de la Qualit\u00e9.<\/p>\n\n\n\n<h4 class=\"wp-block-heading\"><strong>3. Transparence :<\/strong><\/h4>\n\n\n\n<p>La transparence du travail normatif vise sa pr\u00e9paration et son d\u00e9roulement.<\/p>\n\n\n\n<p>La transparence suppose qu\u2019une information suffisante, r\u00e9guli\u00e8rement mise \u00e0 jour soit rendue accessible en temps utiles pour permettre aux parties int\u00e9ress\u00e9es de participer au travail normatif si elles le souhaitent.<\/p>\n\n\n\n<p>Elle suppose que soient rendues accessibles les informations concernant l\u2019ouverture de nouveaux travaux, le lancement et l\u2019avancement des travaux de normalisation en cours, les organes techniques de normalisation o\u00f9 ils sont men\u00e9s, les propositions de nouveaux documents de normalisation, les publications projet\u00e9es.<\/p>\n\n\n\n<p>Les parties prenantes \u00e0 un travail normatif ont acc\u00e8s aux informations relatives aux proc\u00e9dures mises en \u0153uvre dans ce cadre par l\u2019organe technique de normalisation ainsi qu\u2019aux contributions de chacune des parties prenantes.<\/p>\n\n\n\n<h4 class=\"wp-block-heading\"><strong>4. Impartialit\u00e9 :<\/strong><\/h4>\n\n\n\n<p>Les travaux sont conduits de mani\u00e8re impartiale lorsqu\u2019aucune partie prenante n\u2019est privil\u00e9gi\u00e9e par rapport \u00e0 une autre.<\/p>\n\n\n\n<p>L\u2019impartialit\u00e9, en mati\u00e8re de travail normatif, est la capacit\u00e9 \u00e0 prendre en compte les avis et int\u00e9r\u00eats exprim\u00e9s par chacune des parties prenantes, \u00e0 en rendre compte, \u00e0 examiner chacune des contributions, sans en privil\u00e9gier ni omettre aucune, \u00e0 faire en sorte que soient repr\u00e9sent\u00e9es loyalement dans les instances africaines et internationales les positions de l\u2019organe technique de normalisation.<\/p>\n\n\n\n<h4 class=\"wp-block-heading\"><strong>&nbsp;5. Concertation :<\/strong><\/h4>\n\n\n\n<p>La concertation entre les parties prenantes est permanente au cours du travail normatif.<\/p>\n\n\n\n<p>Les parties prenantes fournissent les contributions sur lesquelles reposent les travaux et d\u00e9cisions des organes techniques de normalisation.<\/p>\n\n\n\n<p>Toute partie int\u00e9ress\u00e9e peut se manifester sur les projets avant homologation des normes dans le cadre de l\u2019enqu\u00eate publique administr\u00e9e par ACONOQ.<\/p>\n\n\n\n<h4 class=\"wp-block-heading\"><strong>6. Consensus :<\/strong><\/h4>\n\n\n\n<p>Un document de normalisation, ou une position d\u00e9finie lors d\u2019un processus normatif, sont dits consensuels s\u2019ils recueillent un accord g\u00e9n\u00e9ral, caract\u00e9ris\u00e9 par l\u2019absence d\u2019opposition ferme \u00e0 l\u2019encontre de l\u2019essentiel du sujet \u00e9manant d\u2019une partie importante des int\u00e9r\u00eats en jeu, et par un processus de recherche de prise en consid\u00e9ration de toutes les vues exprim\u00e9es et de rapprochement des positions divergentes.<\/p>\n\n\n\n<p>La recherche du consensus est l\u2019objectif de la concertation entre les parties prenantes. Le consensus n\u2019implique pas n\u00e9cessairement l\u2019unanimit\u00e9.<\/p>\n\n\n\n<h4 class=\"wp-block-heading\"><strong>7. Pertinence :<\/strong><\/h4>\n\n\n\n<p>Le travail normatif est pertinent s\u2019il est utile et de qualit\u00e9.<\/p>\n\n\n\n<p>L\u2019utilit\u00e9 potentielle du travail normatif s\u2019\u00e9value pr\u00e9alablement \u00e0 son lancement. Elle s\u2019actualise en fonction de l\u2019\u00e9volution du projet et de l\u2019int\u00e9r\u00eat qu\u2019y portent les parties int\u00e9ress\u00e9es selon les risques et opportunit\u00e9s qu\u2019elles anticipent, notamment sur leurs march\u00e9s.<\/p>\n\n\n\n<p>La qualit\u00e9 du travail normatif s\u2019appr\u00e9cie en rapprochant le r\u00e9sultat obtenu de ses objectifs initiaux ou r\u00e9vis\u00e9s.<\/p>\n\n\n\n<h4 class=\"wp-block-heading\"><strong>8. Coh\u00e9rence :<\/strong><\/h4>\n\n\n\n<p>Le travail normatif est conduit de mani\u00e8re \u00e0 ce que les documents de normalisation produits ou transpos\u00e9s soient compatibles entre eux comme avec les politiques et strat\u00e9gies de normalisation d\u00e9finies, ainsi que dans le respect des r\u00e9glementations congolaises en vigueur.<\/p>\n\n\n\n<p>Les documents de normalisation \u00e9tablis dans le cadre des r\u00e9glementations africaines et congolaises dites \u00ab nouvelle approche \u00bb doivent permettre de satisfaire en tout ou partie aux exigences essentielles qu\u2019elles d\u00e9finissent.<\/p>\n\n\n\n<h4 class=\"wp-block-heading\"><strong>9. Efficacit\u00e9 :<\/strong><\/h4>\n\n\n\n<p>Le travail normatif est efficace lorsque les processus de travail produisent les documents de normalisation attendus dans le respect des d\u00e9lais et des co\u00fbts support\u00e9s par les parties prenantes.<\/p>\n\n\n\n<h4 class=\"wp-block-heading\"><strong>10. Travail en r\u00e9seau :<\/strong><\/h4>\n\n\n\n<p>Les organes techniques de normalisation observent le principe de travail en r\u00e9seau. \u00c0 ce titre ils partagent les valeurs qu\u2019expriment les principes essentiels du pr\u00e9sent document, coop\u00e8rent \u00e0 la mise en \u0153uvre de la strat\u00e9gie congolaise de normalisation, participent activement aux r\u00e9unions de coordination de ce r\u00e9seau, et respectent les positions prises par le syst\u00e8me congolais de normalisation et par l\u2019organisme africain de normalisation (ORAN) et les organismes internationaux de normalisation d\u00e8s lors qu\u2019ils sont adopt\u00e9s selon les r\u00e8gles de consensus en vigueur.<\/p>\n\n\n\n<p>Ils adh\u00e8rent au principe de conciliation entre les organes techniques de normalisation en cas de divergence.<\/p>\n\n\n\n<p>Les organes techniques de normalisation mettent en commun toute information utile au syst\u00e8me congolais de normalisation en termes de programmation comme d\u2019organisation du travail normatif.<\/p>\n\n\n\n<h4 class=\"wp-block-heading\">ACTIVITES  DE LA NORMALISATION AU CONGO<\/h4>\n\n\n\n<ul class=\"wp-block-list\">\n<li>Contribuer \u00e0 la formulation de la politique nationale de normalisation<\/li>\n\n\n\n<li>Recenser les besoins nationaux en normes, \u00e9tablir les programmes annuels des travaux de normalisation et en assurer le suivi<\/li>\n\n\n\n<li>Centraliser et coordonner tous les travaux de normalisation sur l\u2019\u00e9tendue du territoire national<\/li>\n\n\n\n<li>G\u00e9rer le r\u00e9pertoire national des normes<\/li>\n\n\n\n<li>Veiller \u00e0 l\u2019application des normes dans tous les secteurs d\u2019activit\u00e9s<\/li>\n\n\n\n<li>Elaborer les requ\u00eates d\u2019assistance et de financement, des activit\u00e9s de l\u2019agence aupr\u00e8s des partenaires \u00e9trangers<\/li>\n\n\n\n<li>Promouvoir la coop\u00e9ration avec les organismes internationaux, r\u00e9gionaux et sous- r\u00e9gionaux de normalisation<\/li>\n<\/ul>\n","protected":false},"excerpt":{"rendered":"<p>QU&#8217;EST-CE QUE LA NORMALISATION ? La normalisation est une activit\u00e9 d\u2019int\u00e9r\u00eat g\u00e9n\u00e9ral qui vise \u00e0 fournir, de fa\u00e7on consensuelle, des [&hellip;]<\/p>\n","protected":false},"author":1,"featured_media":0,"parent":0,"menu_order":0,"comment_status":"closed","ping_status":"closed","template":"","meta":{"give_campaign_id":0,"_monsterinsights_skip_tracking":false,"_monsterinsights_sitenote_active":false,"_monsterinsights_sitenote_note":"","_monsterinsights_sitenote_category":0,"footnotes":""},"class_list":["post-3853","page","type-page","status-publish","hentry"],"aioseo_notices":[],"campaignId":"","_links":{"self":[{"href":"https:\/\/www.aconoq-apps.com\/aconoq\/wp-json\/wp\/v2\/pages\/3853","targetHints":{"allow":["GET"]}}],"collection":[{"href":"https:\/\/www.aconoq-apps.com\/aconoq\/wp-json\/wp\/v2\/pages"}],"about":[{"href":"https:\/\/www.aconoq-apps.com\/aconoq\/wp-json\/wp\/v2\/types\/page"}],"author":[{"embeddable":true,"href":"https:\/\/www.aconoq-apps.com\/aconoq\/wp-json\/wp\/v2\/users\/1"}],"replies":[{"embeddable":true,"href":"https:\/\/www.aconoq-apps.com\/aconoq\/wp-json\/wp\/v2\/comments?post=3853"}],"version-history":[{"count":1,"href":"https:\/\/www.aconoq-apps.com\/aconoq\/wp-json\/wp\/v2\/pages\/3853\/revisions"}],"predecessor-version":[{"id":9627,"href":"https:\/\/www.aconoq-apps.com\/aconoq\/wp-json\/wp\/v2\/pages\/3853\/revisions\/9627"}],"wp:attachment":[{"href":"https:\/\/www.aconoq-apps.com\/aconoq\/wp-json\/wp\/v2\/media?parent=3853"}],"curies":[{"name":"wp","href":"https:\/\/api.w.org\/{rel}","templated":true}]}}