{"id":3851,"date":"2023-11-29T05:37:02","date_gmt":"2023-11-29T05:37:02","guid":{"rendered":"https:\/\/aconoq.cg\/demo2\/?page_id=9"},"modified":"2025-07-14T14:13:28","modified_gmt":"2025-07-14T14:13:28","slug":"mot-du-direteur-general","status":"publish","type":"page","link":"https:\/\/www.aconoq-apps.com\/aconoq\/mot-du-direteur-general\/","title":{"rendered":"Mot du Direteur G\u00e9n\u00e9ral"},"content":{"rendered":"<div class=\"wpb-content-wrapper\"><p>[vc_row full_width=&#8221;stretch_row&#8221; kd_background_image_position=&#8221;vc_row-bg-position-top&#8221;][vc_column][vc_row_inner kd_background_image_position=&#8221;vc_row-bg-position-top&#8221; css=&#8221;.vc_custom_1752502144872{padding-top: 20px !important;padding-bottom: 65px !important;}&#8221;][vc_column_inner css=&#8221;.vc_custom_1605795288150{padding-top: 30px !important;padding-right: 30px !important;padding-left: 0px !important;}&#8221; offset=&#8221;vc_col-lg-offset-0 vc_col-lg-6 vc_col-md-offset-0 vc_col-md-6 vc_col-sm-offset-0 vc_col-xs-12&#8243; css_tablet_portrait=&#8221;.vc_custom_1605795288151{padding-top: 0px !important;padding-right: 0px !important;padding-bottom: 0px !important;padding-left: 0px !important;}&#8221; css_mobile=&#8221;.vc_custom_1605795288152{padding-top: 0px !important;padding-right: 0px !important;padding-bottom: 0px !important;padding-left: 0px !important;}&#8221; css_tablet_landscape=&#8221;.vc_custom_1605795288151{padding-bottom: 0px !important;}&#8221;][vc_column_text css=&#8221;&#8221; el_class=&#8221;motdg&#8221;]Dans un monde o\u00f9 les \u00e9conomies sont de plus en plus interconnect\u00e9es, les \u00e9changes commerciaux internationaux en augmentation constante et, plus proche de nous avec l\u2019av\u00e8nement de la zone de libre-\u00e9change continentale (ZELCAF), les probl\u00e9matiques li\u00e9es \u00e0 la norme, \u00e0 la qualit\u00e9, \u00e0 la certification et \u00e0 la m\u00e9trologie sont de plus en plus au c\u0153ur de toutes les activit\u00e9s socio-\u00e9conomiques.<\/p>\n<p>Le Congo notre pays n\u2019est pas en marge de cette dynamique, c\u2019est pourquoi, le Gouvernement a depuis 2015 mis en place un cadre l\u00e9gislatif et r\u00e8glementaire pour construire pas \u00e0 pas son syst\u00e8me national de normalisation et de gestion de la qualit\u00e9. Ce syst\u00e8me ne pouvait se construire sans un pilote, et ce pilote c\u2019est l\u2019agence congolaise de normalisation et de la qualit\u00e9.<\/p>\n<p>L\u2019ACONOQ, mesurant sa responsabilit\u00e9 dans la construction dudit syst\u00e8me met tout en \u0153uvre pour cr\u00e9er des bases sereines d\u2019une v\u00e9ritable culture qualit\u00e9 dans notre pays. En sa qualit\u00e9 de boite \u00e0 outils, la vision de l\u2019ACONOQ, est de faire en sorte que dans toutes nos entreprises, toutes nos structures socio-\u00e9conomiques, que la qualit\u00e9 et la norme soient au c\u0153ur de leur strat\u00e9gie de d\u00e9veloppement. A cet effet, l\u2019ACONOQ mettra au centre la formation, pour cr\u00e9er un v\u00e9ritable r\u00e9seau des qualiticiens, des normalisateurs et des m\u00e9trologues constituants ainsi, un vivier des acteurs nationaux en ces mati\u00e8res.[\/vc_column_text][vc_column_text css=&#8221;&#8221; el_class=&#8221;motdg&#8221;]Elle accompagnera, formera, incitera tous les acteurs du syst\u00e8me national de normalisation et de gestion de la qualit\u00e9 \u00e0 consid\u00e9rer la qualit\u00e9 et la norme comme un levier incontournable.<\/p>\n<p>C\u2019est une question d\u2019engagement, de responsabilit\u00e9 pour tous quel que soit, le niveau de chacun dans la structure de l\u2019\u00e9chelle de d\u00e9cision au sein de l\u2019organisme. Tout cela doit \u00eatre su et communiqu\u00e9, car c\u2019est ainsi que nous construirons le syst\u00e8me national de normalisation et de gestion de la qualit\u00e9 dans notre pays, et ce, avec au centre de cette approche, les principes sacrosaints de la normalisation tel, le consensus, l\u2019efficacit\u00e9, l\u2019ouverture, l\u2019impartialit\u00e9, le r\u00e9seautage et la coh\u00e9rence.<\/p>\n<p>L\u2019ACONOQ, se fondant sur la construction de l\u2019infrastructure qualit\u00e9 au sein de notre sous-r\u00e9gion et au sein de notre r\u00e9gion, ne m\u00e9nagera aucun effort pour qu\u2019aucun pilier de l\u2019infrastructure qualit\u00e9 au niveau national ne soit mis \u00e0 l\u2019\u00e9cart, ensemble avec toutes les parties prenantes, nous construirons cet \u00e9difice en consid\u00e9rant et en mettant en \u00e9vidence, la place du consommateur, de sorte que toutes nos strat\u00e9gies de d\u00e9veloppement concourent vers la satisfaction des attentes de ce dernier.<\/p>\n<p>La normalisation doit \u00eatre un outil de modernisation et de d\u00e9veloppement de l\u2019\u00e9conomie nationale.[\/vc_column_text][\/vc_column_inner][vc_column_inner offset=&#8221;vc_col-lg-6 vc_col-md-6 vc_col-xs-12&#8243; css=&#8221;.vc_custom_1605795269181{padding-right: 0px !important;padding-left: 30px !important;}&#8221; css_mobile=&#8221;.vc_custom_1605795269183{padding-left: 0px !important;}&#8221;][vc_single_image image=&#8221;9743&#8243; img_size=&#8221;full&#8221; css=&#8221;&#8221; el_class=&#8221;img-dg&#8221;][vc_column_text css=&#8221;&#8221; el_class=&#8221;fonction-dg&#8221;]<strong><em>Jean Jacques NGOKO MOUYABI, <\/em><\/strong>Directeur G\u00e9n\u00e9ral[\/vc_column_text][\/vc_column_inner][\/vc_row_inner][\/vc_column][\/vc_row]<\/p>\n<\/div>","protected":false},"excerpt":{"rendered":"<p>[vc_row full_width=&#8221;stretch_row&#8221; kd_background_image_position=&#8221;vc_row-bg-position-top&#8221;][vc_column][vc_row_inner kd_background_image_position=&#8221;vc_row-bg-position-top&#8221; css=&#8221;.vc_custom_1752502144872{padding-top: 20px !important;padding-bottom: 65px !important;}&#8221;][vc_column_inner css=&#8221;.vc_custom_1605795288150{padding-top: 30px !important;padding-right: 30px !important;padding-left: 0px !important;}&#8221; offset=&#8221;vc_col-lg-offset-0 vc_col-lg-6 vc_col-md-offset-0 vc_col-md-6 [&hellip;]<\/p>\n","protected":false},"author":1,"featured_media":0,"parent":0,"menu_order":0,"comment_status":"closed","ping_status":"closed","template":"","meta":{"give_campaign_id":0,"_monsterinsights_skip_tracking":false,"_monsterinsights_sitenote_active":false,"_monsterinsights_sitenote_note":"","_monsterinsights_sitenote_category":0,"footnotes":""},"class_list":["post-3851","page","type-page","status-publish","hentry"],"aioseo_notices":[],"campaignId":"","_links":{"self":[{"href":"https:\/\/www.aconoq-apps.com\/aconoq\/wp-json\/wp\/v2\/pages\/3851","targetHints":{"allow":["GET"]}}],"collection":[{"href":"https:\/\/www.aconoq-apps.com\/aconoq\/wp-json\/wp\/v2\/pages"}],"about":[{"href":"https:\/\/www.aconoq-apps.com\/aconoq\/wp-json\/wp\/v2\/types\/page"}],"author":[{"embeddable":true,"href":"https:\/\/www.aconoq-apps.com\/aconoq\/wp-json\/wp\/v2\/users\/1"}],"replies":[{"embeddable":true,"href":"https:\/\/www.aconoq-apps.com\/aconoq\/wp-json\/wp\/v2\/comments?post=3851"}],"version-history":[{"count":30,"href":"https:\/\/www.aconoq-apps.com\/aconoq\/wp-json\/wp\/v2\/pages\/3851\/revisions"}],"predecessor-version":[{"id":9816,"href":"https:\/\/www.aconoq-apps.com\/aconoq\/wp-json\/wp\/v2\/pages\/3851\/revisions\/9816"}],"wp:attachment":[{"href":"https:\/\/www.aconoq-apps.com\/aconoq\/wp-json\/wp\/v2\/media?parent=3851"}],"curies":[{"name":"wp","href":"https:\/\/api.w.org\/{rel}","templated":true}]}}