{"id":3850,"date":"2023-11-29T05:36:22","date_gmt":"2023-11-29T05:36:22","guid":{"rendered":"https:\/\/aconoq.cg\/demo2\/?page_id=6"},"modified":"2023-11-29T05:36:22","modified_gmt":"2023-11-29T05:36:22","slug":"a-propos-de-nous-2","status":"publish","type":"page","link":"https:\/\/www.aconoq-apps.com\/aconoq\/a-propos-de-nous-2\/","title":{"rendered":"a propos de nous"},"content":{"rendered":"\n<h2 class=\"wp-block-heading\">A PROPOS DE L&#8217;ACONOQ<\/h2>\n\n\n\n<p>Cr\u00e9e par loi n\u00b019-2015 du 29 octobre 2015, l\u2019agence congolaise de normalisation et de la qualit\u00e9 est un \u00e9tablissement public \u00e0 caract\u00e8re administratif et technique dot\u00e9 de la personnalit\u00e9 morale et de l\u2019autonomie financi\u00e8re. Elle est plac\u00e9e sous la tutelle du minist\u00e8re en charge de l\u2019industrie.<\/p>\n\n\n\n<p>L\u2019agence congolaise de normalisation et de la qualit\u00e9 a pour mission d\u2019assurer les travaux de normalisation, de m\u00e9trologie, de certification et de promotion de la qualit\u00e9 dans les secteurs d\u2019activit\u00e9s socio-\u00e9conomiques.<\/p>\n\n\n\n<p>Nos Missions<\/p>\n\n\n\n<ul class=\"wp-block-list\">\n<li>Identifier les besoins nationaux en normes;<\/li>\n\n\n\n<li>Centraliser et contr\u00f4ler tous les travaux de normalisation;<\/li>\n\n\n\n<li>Elaborer les r\u00e8gles de normalisation en s&#8217;appuyant sur les comit\u00e9s techniques de normalisation, dont les modalit\u00e9s d&#8217;organisation et de fonctionnement sont fix\u00e9es par voie r\u00e9glementaire<\/li>\n\n\n\n<li>Promouvoir la gestion de la qualit\u00e9 dans les entreprises et les autres organismes socio-\u00e9conomiques;<\/li>\n\n\n\n<li>Former et sensibiliser tous les acteurs socio-\u00e9conomiques en mati\u00e8re de normalisation, de m\u00e9trologie, de certification et de promotion de la qualit\u00e9<\/li>\n\n\n\n<li>G\u00e9rer le r\u00e9pertoire national des normes;<\/li>\n\n\n\n<li>Assurer la tra\u00e7abilit\u00e9 du syst\u00e8me national de mesurage au syst\u00e8me international d&#8217;unit\u00e9s;<\/li>\n\n\n\n<li>Cr\u00e9er et rendre fonctionnels les comit\u00e9s techniques sectoriels et le comit\u00e9 de certification;<\/li>\n\n\n\n<li>Mettre en oeuvre le syst\u00e8me national de certification des produits et services avec attribution d&#8217;une marque nationale de conformit\u00e9<\/li>\n\n\n\n<li>Repr\u00e9senter le Congo aupr\u00e8s des instances internationales de normalisation et des activit\u00e9s annexes<\/li>\n<\/ul>\n\n\n\n<p>L\u2019agence Congolaise de normalisation et de la qualit\u00e9 est administr\u00e9e par un comit\u00e9 de direction et ger\u00e9e par une direction g\u00e9n\u00e9rale.<\/p>\n","protected":false},"excerpt":{"rendered":"<p>A PROPOS DE L&#8217;ACONOQ Cr\u00e9e par loi n\u00b019-2015 du 29 octobre 2015, l\u2019agence congolaise de normalisation et de la qualit\u00e9 [&hellip;]<\/p>\n","protected":false},"author":1,"featured_media":0,"parent":0,"menu_order":0,"comment_status":"closed","ping_status":"closed","template":"","meta":{"give_campaign_id":0,"_monsterinsights_skip_tracking":false,"_monsterinsights_sitenote_active":false,"_monsterinsights_sitenote_note":"","_monsterinsights_sitenote_category":0,"footnotes":""},"class_list":["post-3850","page","type-page","status-publish","hentry"],"aioseo_notices":[],"campaignId":"","_links":{"self":[{"href":"https:\/\/www.aconoq-apps.com\/aconoq\/wp-json\/wp\/v2\/pages\/3850","targetHints":{"allow":["GET"]}}],"collection":[{"href":"https:\/\/www.aconoq-apps.com\/aconoq\/wp-json\/wp\/v2\/pages"}],"about":[{"href":"https:\/\/www.aconoq-apps.com\/aconoq\/wp-json\/wp\/v2\/types\/page"}],"author":[{"embeddable":true,"href":"https:\/\/www.aconoq-apps.com\/aconoq\/wp-json\/wp\/v2\/users\/1"}],"replies":[{"embeddable":true,"href":"https:\/\/www.aconoq-apps.com\/aconoq\/wp-json\/wp\/v2\/comments?post=3850"}],"version-history":[{"count":0,"href":"https:\/\/www.aconoq-apps.com\/aconoq\/wp-json\/wp\/v2\/pages\/3850\/revisions"}],"wp:attachment":[{"href":"https:\/\/www.aconoq-apps.com\/aconoq\/wp-json\/wp\/v2\/media?parent=3850"}],"curies":[{"name":"wp","href":"https:\/\/api.w.org\/{rel}","templated":true}]}}