{"id":10141,"date":"2025-09-18T14:25:24","date_gmt":"2025-09-18T14:25:24","guid":{"rendered":"https:\/\/www.aconoq-apps.com\/aconoq\/?page_id=10141"},"modified":"2025-09-18T14:26:33","modified_gmt":"2025-09-18T14:26:33","slug":"examen-des-reponses-de-lenquete-publique-par-le-comite-technique-2","status":"publish","type":"page","link":"https:\/\/www.aconoq-apps.com\/aconoq\/examen-des-reponses-de-lenquete-publique-par-le-comite-technique-2\/","title":{"rendered":"Examen des r\u00e9ponses de l\\&#8217;enqu\u00eate publique par le comit\u00e9 Technique"},"content":{"rendered":"<div class=\"wpb-content-wrapper\"><p>[vc_row kd_background_image_position=&#8221;vc_row-bg-position-top&#8221; css=&#8221;.vc_custom_1598623199192{margin-top: 100px !important;}&#8221;][vc_column width=&#8221;1\/3&#8243; offset=&#8221;vc_col-lg-4 vc_col-md-12 vc_col-xs-12&#8243;][vc_widget_sidebar sidebar_id=&#8221;page-sidebar&#8221;][\/vc_column][vc_column width=&#8221;2\/3&#8243; offset=&#8221;vc_col-lg-8 vc_col-md-12 vc_col-xs-12&#8243; css=&#8221;.vc_custom_1598624133955{margin-bottom: 30px !important;padding-left: 45px !important;}&#8221; css_tablet_landscape=&#8221;.vc_custom_1598624133956{padding-left: 15px !important;}&#8221; css_tablet_portrait=&#8221;.vc_custom_1598624133957{padding-left: 15px !important;}&#8221; css_mobile=&#8221;.vc_custom_1598624133958{padding-left: 15px !important;}&#8221;]<header class=\"kd-section-title col-lg-12 text-left  subtitle-below-title   \" ><h2 class=\"separator_off\" >We build great software products<\/h2><\/header>[vc_column_text css=&#8221;&#8221;]Dans le cas o\u00f9 il y a des commentaires essentiels, ils doivent \u00eatre repris par le Secr\u00e9taire Technique sous forme de rapport dans lequel ils sont class\u00e9s d&#8217;apr\u00e8s les paragraphes auxquels ils se rapportent. Ce rapport est distribu\u00e9 \u00e0 tous les membres du Sous-Comit\u00e9 pour examen et approbation lors d&#8217;une r\u00e9union.<\/p>\n<p>Apr\u00e8s approbation du rapport et apr\u00e8s les modifications convenues, le projet de norme est adopt\u00e9. Les auteurs des commentaires de l&#8217;enqu\u00eate peuvent \u00eatre invit\u00e9s \u00e0 cette r\u00e9union. Au cas o\u00f9 il n\u2019y a pas de commentaires, le projet de norme est adopt\u00e9 par le Sous Comit\u00e9.[\/vc_column_text][\/vc_column][\/vc_row]<\/p>\n<\/div>","protected":false},"excerpt":{"rendered":"<p>[vc_row kd_background_image_position=&#8221;vc_row-bg-position-top&#8221; css=&#8221;.vc_custom_1598623199192{margin-top: 100px !important;}&#8221;][vc_column width=&#8221;1\/3&#8243; offset=&#8221;vc_col-lg-4 vc_col-md-12 vc_col-xs-12&#8243;][vc_widget_sidebar sidebar_id=&#8221;page-sidebar&#8221;][\/vc_column][vc_column width=&#8221;2\/3&#8243; offset=&#8221;vc_col-lg-8 vc_col-md-12 vc_col-xs-12&#8243; css=&#8221;.vc_custom_1598624133955{margin-bottom: 30px !important;padding-left: 45px !important;}&#8221; css_tablet_landscape=&#8221;.vc_custom_1598624133956{padding-left: [&hellip;]<\/p>\n","protected":false},"author":1,"featured_media":0,"parent":0,"menu_order":0,"comment_status":"closed","ping_status":"closed","template":"","meta":{"give_campaign_id":0,"_monsterinsights_skip_tracking":false,"_monsterinsights_sitenote_active":false,"_monsterinsights_sitenote_note":"","_monsterinsights_sitenote_category":0,"footnotes":""},"class_list":["post-10141","page","type-page","status-publish","hentry"],"aioseo_notices":[],"campaignId":"","_links":{"self":[{"href":"https:\/\/www.aconoq-apps.com\/aconoq\/wp-json\/wp\/v2\/pages\/10141","targetHints":{"allow":["GET"]}}],"collection":[{"href":"https:\/\/www.aconoq-apps.com\/aconoq\/wp-json\/wp\/v2\/pages"}],"about":[{"href":"https:\/\/www.aconoq-apps.com\/aconoq\/wp-json\/wp\/v2\/types\/page"}],"author":[{"embeddable":true,"href":"https:\/\/www.aconoq-apps.com\/aconoq\/wp-json\/wp\/v2\/users\/1"}],"replies":[{"embeddable":true,"href":"https:\/\/www.aconoq-apps.com\/aconoq\/wp-json\/wp\/v2\/comments?post=10141"}],"version-history":[{"count":2,"href":"https:\/\/www.aconoq-apps.com\/aconoq\/wp-json\/wp\/v2\/pages\/10141\/revisions"}],"predecessor-version":[{"id":10145,"href":"https:\/\/www.aconoq-apps.com\/aconoq\/wp-json\/wp\/v2\/pages\/10141\/revisions\/10145"}],"wp:attachment":[{"href":"https:\/\/www.aconoq-apps.com\/aconoq\/wp-json\/wp\/v2\/media?parent=10141"}],"curies":[{"name":"wp","href":"https:\/\/api.w.org\/{rel}","templated":true}]}}