{"id":10136,"date":"2025-09-18T14:22:30","date_gmt":"2025-09-18T14:22:30","guid":{"rendered":"https:\/\/www.aconoq-apps.com\/aconoq\/?page_id=10136"},"modified":"2025-09-18T14:24:19","modified_gmt":"2025-09-18T14:24:19","slug":"examen-des-reponses-de-lenquete-publique-par-le-comite-technique","status":"publish","type":"page","link":"https:\/\/www.aconoq-apps.com\/aconoq\/examen-des-reponses-de-lenquete-publique-par-le-comite-technique\/","title":{"rendered":"Examen des r\u00e9ponses de l\\&#8217;enqu\u00eate publique par le comit\u00e9 technique"},"content":{"rendered":"<div class=\"wpb-content-wrapper\"><p>[vc_row kd_background_image_position=&#8221;vc_row-bg-position-top&#8221; css=&#8221;.vc_custom_1598623199192{margin-top: 100px !important;}&#8221;][vc_column width=&#8221;1\/3&#8243; offset=&#8221;vc_col-lg-4 vc_col-md-12 vc_col-xs-12&#8243;][vc_widget_sidebar sidebar_id=&#8221;page-sidebar&#8221;][\/vc_column][vc_column width=&#8221;2\/3&#8243; offset=&#8221;vc_col-lg-8 vc_col-md-12 vc_col-xs-12&#8243; css=&#8221;.vc_custom_1598624133955{margin-bottom: 30px !important;padding-left: 45px !important;}&#8221; css_tablet_landscape=&#8221;.vc_custom_1598624133956{padding-left: 15px !important;}&#8221; css_tablet_portrait=&#8221;.vc_custom_1598624133957{padding-left: 15px !important;}&#8221; css_mobile=&#8221;.vc_custom_1598624133958{padding-left: 15px !important;}&#8221;]<header class=\"kd-section-title col-lg-12 text-left  subtitle-below-title   \" ><h2 class=\"separator_off\" >Examen et adoption du projet de norme par le comit\u00e9 technique<\/h2><\/header>[vc_column_text css=&#8221;&#8221;]Le projet de norme est distribu\u00e9 aux membres du Comit\u00e9 Technique concern\u00e9 pour examen et adoption. Lors de cette r\u00e9union, le Pr\u00e9sident du Sous-Comit\u00e9 et le Secr\u00e9taire Technique sont charg\u00e9s de pr\u00e9senter un rapport d&#8217;\u00e9tude du projet de norme.<\/p>\n<p>Apr\u00e8s approbation de ce rapport, le Comit\u00e9 Technique examine et adopte le projet de norme comme norme congolaise en tenant compte des modifications convenues et du statut futur de la norme (volontaire ou obligatoire). 5.2.8 Huiti\u00e8me \u00e9tape : publication.[\/vc_column_text][\/vc_column][\/vc_row]<\/p>\n<\/div>","protected":false},"excerpt":{"rendered":"<p>[vc_row kd_background_image_position=&#8221;vc_row-bg-position-top&#8221; css=&#8221;.vc_custom_1598623199192{margin-top: 100px !important;}&#8221;][vc_column width=&#8221;1\/3&#8243; offset=&#8221;vc_col-lg-4 vc_col-md-12 vc_col-xs-12&#8243;][vc_widget_sidebar sidebar_id=&#8221;page-sidebar&#8221;][\/vc_column][vc_column width=&#8221;2\/3&#8243; offset=&#8221;vc_col-lg-8 vc_col-md-12 vc_col-xs-12&#8243; css=&#8221;.vc_custom_1598624133955{margin-bottom: 30px !important;padding-left: 45px !important;}&#8221; css_tablet_landscape=&#8221;.vc_custom_1598624133956{padding-left: [&hellip;]<\/p>\n","protected":false},"author":1,"featured_media":0,"parent":0,"menu_order":0,"comment_status":"closed","ping_status":"closed","template":"","meta":{"give_campaign_id":0,"_monsterinsights_skip_tracking":false,"_monsterinsights_sitenote_active":false,"_monsterinsights_sitenote_note":"","_monsterinsights_sitenote_category":0,"footnotes":""},"class_list":["post-10136","page","type-page","status-publish","hentry"],"aioseo_notices":[],"campaignId":"","_links":{"self":[{"href":"https:\/\/www.aconoq-apps.com\/aconoq\/wp-json\/wp\/v2\/pages\/10136","targetHints":{"allow":["GET"]}}],"collection":[{"href":"https:\/\/www.aconoq-apps.com\/aconoq\/wp-json\/wp\/v2\/pages"}],"about":[{"href":"https:\/\/www.aconoq-apps.com\/aconoq\/wp-json\/wp\/v2\/types\/page"}],"author":[{"embeddable":true,"href":"https:\/\/www.aconoq-apps.com\/aconoq\/wp-json\/wp\/v2\/users\/1"}],"replies":[{"embeddable":true,"href":"https:\/\/www.aconoq-apps.com\/aconoq\/wp-json\/wp\/v2\/comments?post=10136"}],"version-history":[{"count":2,"href":"https:\/\/www.aconoq-apps.com\/aconoq\/wp-json\/wp\/v2\/pages\/10136\/revisions"}],"predecessor-version":[{"id":10140,"href":"https:\/\/www.aconoq-apps.com\/aconoq\/wp-json\/wp\/v2\/pages\/10136\/revisions\/10140"}],"wp:attachment":[{"href":"https:\/\/www.aconoq-apps.com\/aconoq\/wp-json\/wp\/v2\/media?parent=10136"}],"curies":[{"name":"wp","href":"https:\/\/api.w.org\/{rel}","templated":true}]}}