{"id":10119,"date":"2025-09-18T13:50:59","date_gmt":"2025-09-18T13:50:59","guid":{"rendered":"https:\/\/www.aconoq-apps.com\/aconoq\/?page_id=10119"},"modified":"2025-09-18T14:18:10","modified_gmt":"2025-09-18T14:18:10","slug":"diffusion-du-projet-de-norme-a-lenquete-publique","status":"publish","type":"page","link":"https:\/\/www.aconoq-apps.com\/aconoq\/diffusion-du-projet-de-norme-a-lenquete-publique\/","title":{"rendered":"Diffusion du projet de norme \u00e0 l\\&#8217;enqu\u00eate publique"},"content":{"rendered":"<div class=\"wpb-content-wrapper\"><p>[vc_row kd_background_image_position=&#8221;vc_row-bg-position-top&#8221; css=&#8221;.vc_custom_1598623199192{margin-top: 100px !important;}&#8221;][vc_column width=&#8221;1\/3&#8243; offset=&#8221;vc_col-lg-4 vc_col-md-12 vc_col-xs-12&#8243;][vc_widget_sidebar sidebar_id=&#8221;page-sidebar&#8221;][\/vc_column][vc_column width=&#8221;2\/3&#8243; offset=&#8221;vc_col-lg-8 vc_col-md-12 vc_col-xs-12&#8243; css=&#8221;.vc_custom_1598624133955{margin-bottom: 30px !important;padding-left: 45px !important;}&#8221; css_tablet_landscape=&#8221;.vc_custom_1598624133956{padding-left: 15px !important;}&#8221; css_tablet_portrait=&#8221;.vc_custom_1598624133957{padding-left: 15px !important;}&#8221; css_mobile=&#8221;.vc_custom_1598624133958{padding-left: 15px !important;}&#8221;]<header class=\"kd-section-title col-lg-12 text-left  subtitle-below-title   \" ><h2 class=\"separator_off\" >Diffusion du projet de norme \u00e0 l'enqu\u00eate publique<\/h2><\/header>[vc_column_text css=&#8221;&#8221;]L&#8217;enqu\u00eate publique a pour but de rechercher un plus large consensus dans l&#8217;\u00e9laboration des normes et notamment, de permettre \u00e0 tous les organismes et personnes int\u00e9ress\u00e9s par le sujet \u00e0 normaliser, qui n&#8217;ont pas pris part aux r\u00e9unions du Groupe de Travail ou du Sous Comit\u00e9, d&#8217;apporter leurs commentaires et observations sur le projet de norme.<\/p>\n<p>Dans ce but, un communiqu\u00e9 de presse et une lettre circulaire expliquant les raisons de l&#8217;enqu\u00eate, mentionnant les projets de norme en cause et fixant la date limite de l&#8217;acceptation des r\u00e9ponses et des commentaires, sont adress\u00e9s \u00e0 tous les concern\u00e9s. Un d\u00e9lai de 90 jours est jug\u00e9 suffisant pour permettre \u00e0 ces organismes et personnes d&#8217;\u00e9tudier le projet de norme et d&#8217;envoyer leurs r\u00e9ponses et leurs commentaires \u00e0 L\u2019ACONOQ.[\/vc_column_text][\/vc_column][\/vc_row]<\/p>\n<\/div>","protected":false},"excerpt":{"rendered":"<p>[vc_row kd_background_image_position=&#8221;vc_row-bg-position-top&#8221; css=&#8221;.vc_custom_1598623199192{margin-top: 100px !important;}&#8221;][vc_column width=&#8221;1\/3&#8243; offset=&#8221;vc_col-lg-4 vc_col-md-12 vc_col-xs-12&#8243;][vc_widget_sidebar sidebar_id=&#8221;page-sidebar&#8221;][\/vc_column][vc_column width=&#8221;2\/3&#8243; offset=&#8221;vc_col-lg-8 vc_col-md-12 vc_col-xs-12&#8243; css=&#8221;.vc_custom_1598624133955{margin-bottom: 30px !important;padding-left: 45px !important;}&#8221; css_tablet_landscape=&#8221;.vc_custom_1598624133956{padding-left: [&hellip;]<\/p>\n","protected":false},"author":1,"featured_media":0,"parent":0,"menu_order":0,"comment_status":"closed","ping_status":"closed","template":"","meta":{"give_campaign_id":0,"_monsterinsights_skip_tracking":false,"_monsterinsights_sitenote_active":false,"_monsterinsights_sitenote_note":"","_monsterinsights_sitenote_category":0,"footnotes":""},"class_list":["post-10119","page","type-page","status-publish","hentry"],"aioseo_notices":[],"campaignId":"","_links":{"self":[{"href":"https:\/\/www.aconoq-apps.com\/aconoq\/wp-json\/wp\/v2\/pages\/10119","targetHints":{"allow":["GET"]}}],"collection":[{"href":"https:\/\/www.aconoq-apps.com\/aconoq\/wp-json\/wp\/v2\/pages"}],"about":[{"href":"https:\/\/www.aconoq-apps.com\/aconoq\/wp-json\/wp\/v2\/types\/page"}],"author":[{"embeddable":true,"href":"https:\/\/www.aconoq-apps.com\/aconoq\/wp-json\/wp\/v2\/users\/1"}],"replies":[{"embeddable":true,"href":"https:\/\/www.aconoq-apps.com\/aconoq\/wp-json\/wp\/v2\/comments?post=10119"}],"version-history":[{"count":2,"href":"https:\/\/www.aconoq-apps.com\/aconoq\/wp-json\/wp\/v2\/pages\/10119\/revisions"}],"predecessor-version":[{"id":10134,"href":"https:\/\/www.aconoq-apps.com\/aconoq\/wp-json\/wp\/v2\/pages\/10119\/revisions\/10134"}],"wp:attachment":[{"href":"https:\/\/www.aconoq-apps.com\/aconoq\/wp-json\/wp\/v2\/media?parent=10119"}],"curies":[{"name":"wp","href":"https:\/\/api.w.org\/{rel}","templated":true}]}}