{"id":10117,"date":"2025-09-18T13:50:59","date_gmt":"2025-09-18T13:50:59","guid":{"rendered":"https:\/\/www.aconoq-apps.com\/aconoq\/?page_id=10117"},"modified":"2025-09-18T14:06:45","modified_gmt":"2025-09-18T14:06:45","slug":"travaux-preparatoires-a-letude-des-normes","status":"publish","type":"page","link":"https:\/\/www.aconoq-apps.com\/aconoq\/travaux-preparatoires-a-letude-des-normes\/","title":{"rendered":"Travaux pr\u00e9paratoires \u00e0 l\\&#8217;\u00e9tude des normes"},"content":{"rendered":"<div class=\"wpb-content-wrapper\"><p>[vc_row kd_background_image_position=&#8221;vc_row-bg-position-top&#8221; css=&#8221;.vc_custom_1598623199192{margin-top: 100px !important;}&#8221;][vc_column width=&#8221;1\/3&#8243; offset=&#8221;vc_col-lg-4 vc_col-md-12 vc_col-xs-12&#8243;][vc_widget_sidebar sidebar_id=&#8221;page-sidebar&#8221;][\/vc_column][vc_column width=&#8221;2\/3&#8243; offset=&#8221;vc_col-lg-8 vc_col-md-12 vc_col-xs-12&#8243; css=&#8221;.vc_custom_1598624133955{margin-bottom: 30px !important;padding-left: 45px !important;}&#8221; css_tablet_landscape=&#8221;.vc_custom_1598624133956{padding-left: 15px !important;}&#8221; css_tablet_portrait=&#8221;.vc_custom_1598624133957{padding-left: 15px !important;}&#8221; css_mobile=&#8221;.vc_custom_1598624133958{padding-left: 15px !important;}&#8221;]<header class=\"kd-section-title col-lg-12 text-left  subtitle-below-title   \" ><h2 class=\"separator_off\" >Travaux pr\u00e9paratoires \u00e0 l'\u00e9tude des normes<\/h2><\/header>[vc_column_text css=&#8221;&#8221;]L&#8217;avant-projet de norme peut \u00eatre bas\u00e9 sur une norme internationale ou sur une norme d&#8217;autre pays ou sur l&#8217;exp\u00e9rience qu&#8217;on a recueillie des fabricants, des utilisateurs, etc. Cette \u00e9tape comporte :<\/p>\n<ul>\n<li>Les recherches d&#8217;information au service de la documentation, dans les entreprises, dans les centres de recherches, dans les biblioth\u00e8ques des universit\u00e9s et des grandes \u00e9coles ;<\/li>\n<li>La mise au point, la dactylographie et la photocopie des avant projets de norme ;<\/li>\n<li>Le choix des membres des organes techniques ;<\/li>\n<li>La pr\u00e9paration des r\u00e9unions.<\/li>\n<\/ul>\n<p>Les avant-projets de norme sont pr\u00e9par\u00e9s par le normalisateur seul ou bien par le normalisateur en collaboration avec un Groupe de Travail ou un groupe ad&#8217;hoc.[\/vc_column_text][\/vc_column][\/vc_row]<\/p>\n<\/div>","protected":false},"excerpt":{"rendered":"<p>[vc_row kd_background_image_position=&#8221;vc_row-bg-position-top&#8221; css=&#8221;.vc_custom_1598623199192{margin-top: 100px !important;}&#8221;][vc_column width=&#8221;1\/3&#8243; offset=&#8221;vc_col-lg-4 vc_col-md-12 vc_col-xs-12&#8243;][vc_widget_sidebar sidebar_id=&#8221;page-sidebar&#8221;][\/vc_column][vc_column width=&#8221;2\/3&#8243; offset=&#8221;vc_col-lg-8 vc_col-md-12 vc_col-xs-12&#8243; css=&#8221;.vc_custom_1598624133955{margin-bottom: 30px !important;padding-left: 45px !important;}&#8221; css_tablet_landscape=&#8221;.vc_custom_1598624133956{padding-left: [&hellip;]<\/p>\n","protected":false},"author":1,"featured_media":0,"parent":0,"menu_order":0,"comment_status":"closed","ping_status":"closed","template":"","meta":{"give_campaign_id":0,"_monsterinsights_skip_tracking":false,"_monsterinsights_sitenote_active":false,"_monsterinsights_sitenote_note":"","_monsterinsights_sitenote_category":0,"footnotes":""},"class_list":["post-10117","page","type-page","status-publish","hentry"],"aioseo_notices":[],"campaignId":"","_links":{"self":[{"href":"https:\/\/www.aconoq-apps.com\/aconoq\/wp-json\/wp\/v2\/pages\/10117","targetHints":{"allow":["GET"]}}],"collection":[{"href":"https:\/\/www.aconoq-apps.com\/aconoq\/wp-json\/wp\/v2\/pages"}],"about":[{"href":"https:\/\/www.aconoq-apps.com\/aconoq\/wp-json\/wp\/v2\/types\/page"}],"author":[{"embeddable":true,"href":"https:\/\/www.aconoq-apps.com\/aconoq\/wp-json\/wp\/v2\/users\/1"}],"replies":[{"embeddable":true,"href":"https:\/\/www.aconoq-apps.com\/aconoq\/wp-json\/wp\/v2\/comments?post=10117"}],"version-history":[{"count":2,"href":"https:\/\/www.aconoq-apps.com\/aconoq\/wp-json\/wp\/v2\/pages\/10117\/revisions"}],"predecessor-version":[{"id":10133,"href":"https:\/\/www.aconoq-apps.com\/aconoq\/wp-json\/wp\/v2\/pages\/10117\/revisions\/10133"}],"wp:attachment":[{"href":"https:\/\/www.aconoq-apps.com\/aconoq\/wp-json\/wp\/v2\/media?parent=10117"}],"curies":[{"name":"wp","href":"https:\/\/api.w.org\/{rel}","templated":true}]}}