{"id":10116,"date":"2025-09-18T13:50:59","date_gmt":"2025-09-18T13:50:59","guid":{"rendered":"https:\/\/www.aconoq-apps.com\/aconoq\/?page_id=10116"},"modified":"2025-09-18T14:04:49","modified_gmt":"2025-09-18T14:04:49","slug":"etude-de-lavant-projet-norme","status":"publish","type":"page","link":"https:\/\/www.aconoq-apps.com\/aconoq\/etude-de-lavant-projet-norme\/","title":{"rendered":"Etude de l\\&#8217;avant-projet norme"},"content":{"rendered":"<div class=\"wpb-content-wrapper\"><p>[vc_row kd_background_image_position=&#8221;vc_row-bg-position-top&#8221; css=&#8221;.vc_custom_1598623199192{margin-top: 100px !important;}&#8221;][vc_column width=&#8221;1\/3&#8243; offset=&#8221;vc_col-lg-4 vc_col-md-12 vc_col-xs-12&#8243;][vc_widget_sidebar sidebar_id=&#8221;page-sidebar&#8221;][\/vc_column][vc_column width=&#8221;2\/3&#8243; offset=&#8221;vc_col-lg-8 vc_col-md-12 vc_col-xs-12&#8243; css=&#8221;.vc_custom_1598624133955{margin-bottom: 30px !important;padding-left: 45px !important;}&#8221; css_tablet_landscape=&#8221;.vc_custom_1598624133956{padding-left: 15px !important;}&#8221; css_tablet_portrait=&#8221;.vc_custom_1598624133957{padding-left: 15px !important;}&#8221; css_mobile=&#8221;.vc_custom_1598624133958{padding-left: 15px !important;}&#8221;]<header class=\"kd-section-title col-lg-12 text-left  subtitle-below-title   \" ><h2 class=\"separator_off\" >\u00c9tude de l'avant-projet de norme<\/h2><\/header>[vc_column_text css=&#8221;&#8221;]Le Groupe de Travail ou le Sous- Comit\u00e9 tient le nombre de r\u00e9unions n\u00e9cessaires \u00e0 l&#8217;examen complet de l&#8217;avant-projet et \u00e0 l&#8217;obtention d&#8217;un large accord qu&#8217;on appelle commun\u00e9ment &#8220;consensus&#8221;. A l&#8217;issue de cette \u00e9tape, l&#8217;avant-projet devient projet.[\/vc_column_text][\/vc_column][\/vc_row]<\/p>\n<\/div>","protected":false},"excerpt":{"rendered":"<p>[vc_row kd_background_image_position=&#8221;vc_row-bg-position-top&#8221; css=&#8221;.vc_custom_1598623199192{margin-top: 100px !important;}&#8221;][vc_column width=&#8221;1\/3&#8243; offset=&#8221;vc_col-lg-4 vc_col-md-12 vc_col-xs-12&#8243;][vc_widget_sidebar sidebar_id=&#8221;page-sidebar&#8221;][\/vc_column][vc_column width=&#8221;2\/3&#8243; offset=&#8221;vc_col-lg-8 vc_col-md-12 vc_col-xs-12&#8243; css=&#8221;.vc_custom_1598624133955{margin-bottom: 30px !important;padding-left: 45px !important;}&#8221; css_tablet_landscape=&#8221;.vc_custom_1598624133956{padding-left: [&hellip;]<\/p>\n","protected":false},"author":1,"featured_media":0,"parent":0,"menu_order":0,"comment_status":"closed","ping_status":"closed","template":"","meta":{"give_campaign_id":0,"_monsterinsights_skip_tracking":false,"_monsterinsights_sitenote_active":false,"_monsterinsights_sitenote_note":"","_monsterinsights_sitenote_category":0,"footnotes":""},"class_list":["post-10116","page","type-page","status-publish","hentry"],"aioseo_notices":[],"campaignId":"","_links":{"self":[{"href":"https:\/\/www.aconoq-apps.com\/aconoq\/wp-json\/wp\/v2\/pages\/10116","targetHints":{"allow":["GET"]}}],"collection":[{"href":"https:\/\/www.aconoq-apps.com\/aconoq\/wp-json\/wp\/v2\/pages"}],"about":[{"href":"https:\/\/www.aconoq-apps.com\/aconoq\/wp-json\/wp\/v2\/types\/page"}],"author":[{"embeddable":true,"href":"https:\/\/www.aconoq-apps.com\/aconoq\/wp-json\/wp\/v2\/users\/1"}],"replies":[{"embeddable":true,"href":"https:\/\/www.aconoq-apps.com\/aconoq\/wp-json\/wp\/v2\/comments?post=10116"}],"version-history":[{"count":2,"href":"https:\/\/www.aconoq-apps.com\/aconoq\/wp-json\/wp\/v2\/pages\/10116\/revisions"}],"predecessor-version":[{"id":10132,"href":"https:\/\/www.aconoq-apps.com\/aconoq\/wp-json\/wp\/v2\/pages\/10116\/revisions\/10132"}],"wp:attachment":[{"href":"https:\/\/www.aconoq-apps.com\/aconoq\/wp-json\/wp\/v2\/media?parent=10116"}],"curies":[{"name":"wp","href":"https:\/\/api.w.org\/{rel}","templated":true}]}}