{"id":10098,"date":"2025-09-18T11:26:06","date_gmt":"2025-09-18T11:26:06","guid":{"rendered":"https:\/\/www.aconoq-apps.com\/aconoq\/?page_id=10098"},"modified":"2025-09-18T13:54:33","modified_gmt":"2025-09-18T13:54:33","slug":"etude-de-faisabilite","status":"publish","type":"page","link":"https:\/\/www.aconoq-apps.com\/aconoq\/etude-de-faisabilite\/","title":{"rendered":"Etude de faisabilite"},"content":{"rendered":"<div class=\"wpb-content-wrapper\"><p>[vc_row kd_background_image_position=&#8221;vc_row-bg-position-top&#8221; css=&#8221;.vc_custom_1598623199192{margin-top: 100px !important;}&#8221;][vc_column width=&#8221;1\/3&#8243; offset=&#8221;vc_col-lg-4 vc_col-md-12 vc_col-xs-12&#8243;][vc_widget_sidebar sidebar_id=&#8221;page-sidebar&#8221;][\/vc_column][vc_column width=&#8221;2\/3&#8243; offset=&#8221;vc_col-lg-8 vc_col-md-12 vc_col-xs-12&#8243; css=&#8221;.vc_custom_1598624133955{margin-bottom: 30px !important;padding-left: 45px !important;}&#8221; css_tablet_landscape=&#8221;.vc_custom_1598624133956{padding-left: 15px !important;}&#8221; css_tablet_portrait=&#8221;.vc_custom_1598624133957{padding-left: 15px !important;}&#8221; css_mobile=&#8221;.vc_custom_1598624133958{padding-left: 15px !important;}&#8221;]<header class=\"kd-section-title col-lg-12 text-left  subtitle-below-title   \" ><h2 class=\"separator_off\" >\u00c9tude de faisabilit\u00e9<\/h2><\/header>[vc_column_text css=&#8221;&#8221;]Avant d&#8217;entamer l&#8217;\u00e9laboration des normes, le normalisateur doit remplir une fiche d&#8217;\u00e9tude de faisabilit\u00e9 (voir annexe 2) comprenant les informations suivantes :<\/p>\n<ul>\n<li>Le nom de la fili\u00e8re concern\u00e9e par l&#8217;\u00e9laboration des normes ;<\/li>\n<li>Le nom du ou des produit(s) \u00e0 normaliser ;<\/li>\n<li>La liste des normes internationales, r\u00e9gionales ou \u00e9trang\u00e8res ou autres documents relatifs \u00e0 ce(s) produit(s) ; Les objectifs recherch\u00e9s dans l&#8217;\u00e9laboration de ces normes ;<\/li>\n<li>L\u2019\u00e9volution de la production (production en volume ou en masse des 5 derni\u00e8res ann\u00e9es) ;<\/li>\n<li>L\u2019\u00e9volution des exportations (quantit\u00e9 export\u00e9e dans les 5 derni\u00e8res ann\u00e9es) ;<\/li>\n<li>Le nom des pays destinataires des produits export\u00e9s ;<\/li>\n<li>L\u2019\u00e9volution des importations (quantit\u00e9 import\u00e9e dans les 5 derni\u00e8res ann\u00e9es) ;<\/li>\n<li>Le nom des pays d&#8217;origine des produits import\u00e9s ;<\/li>\n<li>Le nom du ou des pays d&#8217;origine des mati\u00e8res premi\u00e8res du ou des produit(s) \u00e0 normaliser ;<\/li>\n<li>La liste des entreprises et organismes qui ont exprim\u00e9 le besoin en normes ;<\/li>\n<li>Les noms et les adresses (Bo\u00eete Postale, T\u00e9l\u00e9phone, Fax et Si\u00e8ge) de tous les fabricants, producteurs, exportateurs, importateurs ou distributeurs ;<\/li>\n<li>Les noms et les adresses (Bo\u00eete Postale, T\u00e9l\u00e9phone, Fax et Si\u00e8ge) de tous les laboratoires d\u2019essais ;<\/li>\n<li>Les noms et les adresses (Bo\u00eete Postale, T\u00e9l\u00e9phone, Fax et Si\u00e8ge) des minist\u00e8res concern\u00e9s ;<\/li>\n<li>Les noms et les adresses (Bo\u00eete Postale, T\u00e9l\u00e9phone, Fax et Si\u00e8ge) de tous les organismes de contr\u00f4le &#8211; Les noms et les adresses (Bo\u00eete Postale, T\u00e9l\u00e9phone, Fax et Si\u00e8ge) de tous les organismes utilisateurs ; &#8211; Le co\u00fbt de l&#8217;\u00e9laboration des ou de la norme(s).<\/li>\n<\/ul>\n<p>&nbsp;[\/vc_column_text][\/vc_column][\/vc_row]<\/p>\n<\/div>","protected":false},"excerpt":{"rendered":"<p>[vc_row kd_background_image_position=&#8221;vc_row-bg-position-top&#8221; css=&#8221;.vc_custom_1598623199192{margin-top: 100px !important;}&#8221;][vc_column width=&#8221;1\/3&#8243; offset=&#8221;vc_col-lg-4 vc_col-md-12 vc_col-xs-12&#8243;][vc_widget_sidebar sidebar_id=&#8221;page-sidebar&#8221;][\/vc_column][vc_column width=&#8221;2\/3&#8243; offset=&#8221;vc_col-lg-8 vc_col-md-12 vc_col-xs-12&#8243; css=&#8221;.vc_custom_1598624133955{margin-bottom: 30px !important;padding-left: 45px !important;}&#8221; css_tablet_landscape=&#8221;.vc_custom_1598624133956{padding-left: [&hellip;]<\/p>\n","protected":false},"author":1,"featured_media":0,"parent":0,"menu_order":0,"comment_status":"closed","ping_status":"closed","template":"","meta":{"give_campaign_id":0,"_monsterinsights_skip_tracking":false,"_monsterinsights_sitenote_active":false,"_monsterinsights_sitenote_note":"","_monsterinsights_sitenote_category":0,"footnotes":""},"class_list":["post-10098","page","type-page","status-publish","hentry"],"aioseo_notices":[],"campaignId":"","_links":{"self":[{"href":"https:\/\/www.aconoq-apps.com\/aconoq\/wp-json\/wp\/v2\/pages\/10098","targetHints":{"allow":["GET"]}}],"collection":[{"href":"https:\/\/www.aconoq-apps.com\/aconoq\/wp-json\/wp\/v2\/pages"}],"about":[{"href":"https:\/\/www.aconoq-apps.com\/aconoq\/wp-json\/wp\/v2\/types\/page"}],"author":[{"embeddable":true,"href":"https:\/\/www.aconoq-apps.com\/aconoq\/wp-json\/wp\/v2\/users\/1"}],"replies":[{"embeddable":true,"href":"https:\/\/www.aconoq-apps.com\/aconoq\/wp-json\/wp\/v2\/comments?post=10098"}],"version-history":[{"count":3,"href":"https:\/\/www.aconoq-apps.com\/aconoq\/wp-json\/wp\/v2\/pages\/10098\/revisions"}],"predecessor-version":[{"id":10130,"href":"https:\/\/www.aconoq-apps.com\/aconoq\/wp-json\/wp\/v2\/pages\/10098\/revisions\/10130"}],"wp:attachment":[{"href":"https:\/\/www.aconoq-apps.com\/aconoq\/wp-json\/wp\/v2\/media?parent=10098"}],"curies":[{"name":"wp","href":"https:\/\/api.w.org\/{rel}","templated":true}]}}