{"id":10095,"date":"2025-09-18T11:20:01","date_gmt":"2025-09-18T11:20:01","guid":{"rendered":"https:\/\/www.aconoq-apps.com\/aconoq\/?page_id=10095"},"modified":"2025-09-18T12:31:50","modified_gmt":"2025-09-18T12:31:50","slug":"processus-delaboration-des-normes-les-etapes","status":"publish","type":"page","link":"https:\/\/www.aconoq-apps.com\/aconoq\/processus-delaboration-des-normes-les-etapes\/","title":{"rendered":"Processus d\\&#8217;\u00e9laboration des normes :  les \u00e9tapes"},"content":{"rendered":"<div class=\"wpb-content-wrapper\"><p>[vc_row kd_background_image_position=&#8221;vc_row-bg-position-top&#8221; css=&#8221;.vc_custom_1598623199192{margin-top: 100px !important;}&#8221;][vc_column width=&#8221;1\/3&#8243; offset=&#8221;vc_col-lg-4 vc_col-md-12 vc_col-xs-12&#8243;][vc_widget_sidebar sidebar_id=&#8221;page-sidebar&#8221;][\/vc_column][vc_column width=&#8221;2\/3&#8243; offset=&#8221;vc_col-lg-8 vc_col-md-12 vc_col-xs-12&#8243; css=&#8221;.vc_custom_1598624133955{margin-bottom: 30px !important;padding-left: 45px !important;}&#8221; css_tablet_landscape=&#8221;.vc_custom_1598624133956{padding-left: 15px !important;}&#8221; css_tablet_portrait=&#8221;.vc_custom_1598624133957{padding-left: 15px !important;}&#8221; css_mobile=&#8221;.vc_custom_1598624133958{padding-left: 15px !important;}&#8221;]<header class=\"kd-section-title col-lg-12 text-left  subtitle-below-title   \" ><h2 class=\"separator_off\" >Processus d'\u00e9laboration des normes<\/h2><\/header>[vc_tta_accordion style=&#8221;flat&#8221; active_section=&#8221;1&#8243;][vc_tta_section title=&#8221;Premi\u00e8re \u00e9tape: Etude de faisabilit\u00e9&#8221; tab_id=&#8221;etude-faisabilite&#8221;][vc_column_text css=&#8221;&#8221;]Avant d&#8217;entamer l&#8217;\u00e9laboration des normes, le normalisateur doit remplir une fiche d&#8217;\u00e9tude de faisabilit\u00e9 (voir annexe 2) comprenant les informations suivantes :<\/p>\n<ul>\n<li>Le nom de la fili\u00e8re concern\u00e9e par l&#8217;\u00e9laboration des normes ;<\/li>\n<li>Le nom du ou des produit(s) \u00e0 normaliser ;<\/li>\n<li>La liste des normes internationales, r\u00e9gionales ou \u00e9trang\u00e8res ou autres documents relatifs \u00e0 ce(s) produit(s) ; Les objectifs recherch\u00e9s dans l&#8217;\u00e9laboration de ces normes ;<\/li>\n<li>L\u2019\u00e9volution de la production (production en volume ou en masse des 5 derni\u00e8res ann\u00e9es) ;<\/li>\n<li>L\u2019\u00e9volution des exportations (quantit\u00e9 export\u00e9e dans les 5 derni\u00e8res ann\u00e9es) ;<\/li>\n<li>Le nom des pays destinataires des produits export\u00e9s ;<\/li>\n<li>L\u2019\u00e9volution des importations (quantit\u00e9 import\u00e9e dans les 5 derni\u00e8res ann\u00e9es) ;<\/li>\n<li>Le nom des pays d&#8217;origine des produits import\u00e9s ;<\/li>\n<li>Le nom du ou des pays d&#8217;origine des mati\u00e8res premi\u00e8res du ou des produit(s) \u00e0 normaliser ;<\/li>\n<li>La liste des entreprises et organismes qui ont exprim\u00e9 le besoin en normes ;<\/li>\n<li>Les noms et les adresses (Bo\u00eete Postale, T\u00e9l\u00e9phone, Fax et Si\u00e8ge) de tous les fabricants, producteurs, exportateurs, importateurs ou distributeurs ;<\/li>\n<li>Les noms et les adresses (Bo\u00eete Postale, T\u00e9l\u00e9phone, Fax et Si\u00e8ge) de tous les laboratoires d\u2019essais ;<\/li>\n<li>Les noms et les adresses (Bo\u00eete Postale, T\u00e9l\u00e9phone, Fax et Si\u00e8ge) des minist\u00e8res concern\u00e9s ;<\/li>\n<li>Les noms et les adresses (Bo\u00eete Postale, T\u00e9l\u00e9phone, Fax et Si\u00e8ge) de tous les organismes de contr\u00f4le &#8211; Les noms et les adresses (Bo\u00eete Postale, T\u00e9l\u00e9phone, Fax et Si\u00e8ge) de tous les organismes utilisateurs ; &#8211; Le co\u00fbt de l&#8217;\u00e9laboration des ou de la norme(s).<\/li>\n<\/ul>\n<p>[\/vc_column_text][\/vc_tta_section][vc_tta_section title=&#8221;Deuxi\u00e8me \u00e9tape: R\u00e9union de concertation avec la fili\u00e8re&#8221; tab_id=&#8221;reunion&#8221;][vc_column_text css=&#8221;&#8221;]Cette r\u00e9union qui regroupe la Direction de L\u2019ACONOQ, les fabricants, les producteurs, les importateurs, les exportateurs, les distributeurs et les laboratoires d&#8217;essai a pour objet d&#8217;informer et de sensibiliser sur les travaux de normalisation de la fili\u00e8re. L&#8217;ordre du jour de cette r\u00e9union doit comporter les points suivants :<\/p>\n<ul>\n<li>Informations ;<\/li>\n<li>Adoption du principe de l&#8217;\u00e9laboration de la ou des norme(s) ;<\/li>\n<li>Financement du co\u00fbt de l&#8217;\u00e9laboration de la ou des norme(s) ;<\/li>\n<li>Divers<\/li>\n<\/ul>\n<p>&nbsp;[\/vc_column_text][\/vc_tta_section][vc_tta_section title=&#8221;Troisi\u00e8me \u00e9tape: Travaux pr\u00e9paratoires \u00e0 l&#8217;\u00e9tude des normes&#8221; tab_id=&#8221;travaux-preparatoires&#8221;][vc_column_text css=&#8221;&#8221;]L&#8217;avant-projet de norme peut \u00eatre bas\u00e9 sur une norme internationale ou sur une norme d&#8217;autre pays ou sur l&#8217;exp\u00e9rience qu&#8217;on a recueillie des fabricants, des utilisateurs, etc. Cette \u00e9tape comporte :<\/p>\n<ul>\n<li>Les recherches d&#8217;information au service de la documentation, dans les entreprises, dans les centres de recherches, dans les biblioth\u00e8ques des universit\u00e9s et des grandes \u00e9coles ;<\/li>\n<li>La mise au point, la dactylographie et la photocopie des avant projets de norme ;<\/li>\n<li>Le choix des membres des organes techniques ;<\/li>\n<li>La pr\u00e9paration des r\u00e9unions.<\/li>\n<\/ul>\n<p>Les avant-projets de norme sont pr\u00e9par\u00e9s par le normalisateur seul ou bien par le normalisateur en collaboration avec un Groupe de Travail ou un groupe ad&#8217;hoc.[\/vc_column_text][\/vc_tta_section][vc_tta_section title=&#8221;QUATRIEME ETAPE : ETUDE DE L&#8217;AVANT-PROJET DE NORME&#8221; tab_id=&#8221;etude-avant-projet&#8221;][vc_column_text css=&#8221;&#8221;]Le Groupe de Travail ou le Sous- Comit\u00e9 tient le nombre de r\u00e9unions n\u00e9cessaires \u00e0 l&#8217;examen complet de l&#8217;avant-projet et \u00e0 l&#8217;obtention d&#8217;un large accord qu&#8217;on appelle commun\u00e9ment &#8220;consensus&#8221;. A l&#8217;issue de cette \u00e9tape, l&#8217;avant-projet devient projet.[\/vc_column_text][\/vc_tta_section][vc_tta_section title=&#8221;CINQUIEME ETAPE : DIFFUSION DU PROJET DE NORME A L&#8217;ENQUETE PUBLIQUE&#8221; tab_id=&#8221;1758198470270-2b7df3b5-2487&#8243;][vc_column_text css=&#8221;&#8221;]&nbsp;<\/p>\n<p>L&#8217;enqu\u00eate publique a pour but de rechercher un plus large consensus dans l&#8217;\u00e9laboration des normes et notamment, de permettre \u00e0 tous les organismes et personnes int\u00e9ress\u00e9s par le sujet \u00e0 normaliser, qui n&#8217;ont pas pris part aux r\u00e9unions du Groupe de Travail ou du Sous Comit\u00e9, d&#8217;apporter leurs commentaires et observations sur le projet de norme.<\/p>\n<p>Dans ce but, un communiqu\u00e9 de presse et une lettre circulaire expliquant les raisons de l&#8217;enqu\u00eate, mentionnant les projets de norme en cause et fixant la date limite de l&#8217;acceptation des r\u00e9ponses et des commentaires, sont adress\u00e9s \u00e0 tous les concern\u00e9s. Un d\u00e9lai de 90 jours est jug\u00e9 suffisant pour permettre \u00e0 ces organismes et personnes d&#8217;\u00e9tudier le projet de norme et d&#8217;envoyer leurs r\u00e9ponses et leurs commentaires \u00e0 L\u2019ACONOQ.[\/vc_column_text][\/vc_tta_section][vc_tta_section title=&#8221;SIXIEME ETAPE : EXAMEN DES REPONSES DE L&#8217;ENQUETE PUBLIQUE PAR LE SOUS-COMITE.&#8221; tab_id=&#8221;6e-etape&#8221;][vc_column_text css=&#8221;&#8221;]Dans le cas o\u00f9 il y a des commentaires essentiels, ils doivent \u00eatre repris par le Secr\u00e9taire Technique sous forme de rapport dans lequel ils sont class\u00e9s d&#8217;apr\u00e8s les paragraphes auxquels ils se rapportent. Ce rapport est distribu\u00e9 \u00e0 tous les membres du Sous-Comit\u00e9 pour examen et approbation lors d&#8217;une r\u00e9union.<\/p>\n<p>Apr\u00e8s approbation du rapport et apr\u00e8s les modifications convenues, le projet de norme est adopt\u00e9. Les auteurs des commentaires de l&#8217;enqu\u00eate peuvent \u00eatre invit\u00e9s \u00e0 cette r\u00e9union. Au cas o\u00f9 il n\u2019y a pas de commentaires, le projet de norme est adopt\u00e9 par le Sous Comit\u00e9.[\/vc_column_text][\/vc_tta_section][vc_tta_section title=&#8221;SEPTIEME ETAPE : EXAMEN ET ADOPTION DU PROJET DE NORME PAR LE COMITE TECHNIQUE&#8221; tab_id=&#8221;7e-etape&#8221;][vc_column_text css=&#8221;&#8221;]Le projet de norme est distribu\u00e9 aux membres du Comit\u00e9 Technique concern\u00e9 pour examen et adoption. Lors de cette r\u00e9union, le Pr\u00e9sident du Sous-Comit\u00e9 et le Secr\u00e9taire Technique sont charg\u00e9s de pr\u00e9senter un rapport d&#8217;\u00e9tude du projet de norme. Apr\u00e8s approbation de ce rapport, le Comit\u00e9 Technique examine et adopte le projet de norme comme norme congolaise en tenant compte des modifications convenues et du statut futur de la norme (volontaire ou obligatoire). 5.2.8 Huiti\u00e8me \u00e9tape : publication.[\/vc_column_text][\/vc_tta_section][\/vc_tta_accordion][\/vc_column][\/vc_row]<\/p>\n<\/div>","protected":false},"excerpt":{"rendered":"<p>[vc_row kd_background_image_position=&#8221;vc_row-bg-position-top&#8221; css=&#8221;.vc_custom_1598623199192{margin-top: 100px !important;}&#8221;][vc_column width=&#8221;1\/3&#8243; offset=&#8221;vc_col-lg-4 vc_col-md-12 vc_col-xs-12&#8243;][vc_widget_sidebar sidebar_id=&#8221;page-sidebar&#8221;][\/vc_column][vc_column width=&#8221;2\/3&#8243; offset=&#8221;vc_col-lg-8 vc_col-md-12 vc_col-xs-12&#8243; css=&#8221;.vc_custom_1598624133955{margin-bottom: 30px !important;padding-left: 45px !important;}&#8221; css_tablet_landscape=&#8221;.vc_custom_1598624133956{padding-left: [&hellip;]<\/p>\n","protected":false},"author":1,"featured_media":0,"parent":0,"menu_order":0,"comment_status":"closed","ping_status":"closed","template":"","meta":{"give_campaign_id":0,"_monsterinsights_skip_tracking":false,"_monsterinsights_sitenote_active":false,"_monsterinsights_sitenote_note":"","_monsterinsights_sitenote_category":0,"footnotes":""},"class_list":["post-10095","page","type-page","status-publish","hentry"],"aioseo_notices":[],"campaignId":"","_links":{"self":[{"href":"https:\/\/www.aconoq-apps.com\/aconoq\/wp-json\/wp\/v2\/pages\/10095","targetHints":{"allow":["GET"]}}],"collection":[{"href":"https:\/\/www.aconoq-apps.com\/aconoq\/wp-json\/wp\/v2\/pages"}],"about":[{"href":"https:\/\/www.aconoq-apps.com\/aconoq\/wp-json\/wp\/v2\/types\/page"}],"author":[{"embeddable":true,"href":"https:\/\/www.aconoq-apps.com\/aconoq\/wp-json\/wp\/v2\/users\/1"}],"replies":[{"embeddable":true,"href":"https:\/\/www.aconoq-apps.com\/aconoq\/wp-json\/wp\/v2\/comments?post=10095"}],"version-history":[{"count":11,"href":"https:\/\/www.aconoq-apps.com\/aconoq\/wp-json\/wp\/v2\/pages\/10095\/revisions"}],"predecessor-version":[{"id":10115,"href":"https:\/\/www.aconoq-apps.com\/aconoq\/wp-json\/wp\/v2\/pages\/10095\/revisions\/10115"}],"wp:attachment":[{"href":"https:\/\/www.aconoq-apps.com\/aconoq\/wp-json\/wp\/v2\/media?parent=10095"}],"curies":[{"name":"wp","href":"https:\/\/api.w.org\/{rel}","templated":true}]}}