{"id":10040,"date":"2025-09-01T10:19:45","date_gmt":"2025-09-01T10:19:45","guid":{"rendered":"https:\/\/www.aconoq-apps.com\/aconoq\/?page_id=10040"},"modified":"2025-09-01T10:51:34","modified_gmt":"2025-09-01T10:51:34","slug":"systeme-de-marquage-et-de-tracabilite-des-produits-du-tabac","status":"publish","type":"page","link":"https:\/\/www.aconoq-apps.com\/aconoq\/systeme-de-marquage-et-de-tracabilite-des-produits-du-tabac\/","title":{"rendered":"Syst\u00e8me de marquage et de tra\u00e7abilit\u00e9 des produits du Tabac"},"content":{"rendered":"<div class=\"wpb-content-wrapper\"><p>[vc_row kd_background_image_position=&#8221;vc_row-bg-position-top&#8221;][vc_column][vc_row_inner kd_background_image_position=&#8221;vc_row-bg-position-top&#8221; css=&#8221;.vc_custom_1756723773504{padding-bottom: 250px !important;background-image: url(https:\/\/www.aconoq-apps.com\/aconoq\/wp-content\/uploads\/2025\/09\/Cigarettes-must-cost-E60-per-packet-before-addicted-smokers-will-quit-1.png?id=10044) !important;background-position: center !important;background-repeat: no-repeat !important;background-size: cover !important;}&#8221;][vc_column_inner css=&#8221;.vc_custom_1756723827640{padding-bottom: 30px !important;}&#8221;][\/vc_column_inner][\/vc_row_inner][vc_column_text css=&#8221;&#8221;]<\/p>\n<p>&nbsp;<\/p>\n<p>Dans le cadre de sa politique de lutte contre le commerce illicite, la contrefa\u00e7on ainsi que la contrebande des produits du tabac et pour renforcer la mobilisation des recettes fiscales, la R\u00e9publique du Congo a mis en place un syst\u00e8me national de marquage et de tra\u00e7abilit\u00e9 des produits du tabac. Ce dispositif, d\u00e9sormais op\u00e9rationnel, marque une avanc\u00e9e majeure dans la gouvernance \u00e9conomique et sanitaire du pays.<\/p>\n\n<p>En effet, le 06 F\u00e9vrier 2007, la R\u00e9publique du Congo a ratifi\u00e9 la convention de cadre de l\u2019OMS pour la lutte anti-tabac. Pour respecter les exigences de cette convention, plusieurs textes r\u00e8glementaires et l\u00e9gislatifs ont \u00e9t\u00e9 pris, Il s\u2019agit de&nbsp;:<\/p>\n\n\n<ul class=\"wp-block-list\">\n<li style=\"list-style-type: none;\">\n<ul class=\"wp-block-list\"><\/p>\n<li><strong>La<\/strong> <strong>loi n\u00b0 12-2012 du 04 juillet 2012<\/strong> relative \u00e0 la lutte anti-tabac&nbsp;;<\/li>\n\n\n<li><strong>Le<\/strong> <strong>d\u00e9cret<\/strong> <strong>n\u00b02022-483, du16 Aout 2022, <\/strong>instituant le syst\u00e8me de marquage et de tra\u00e7abilit\u00e9 des produits du tabac fabriqu\u00e9s ou import\u00e9s en R\u00e9publique du CONGO&nbsp;<strong>;<\/strong><\/li>\n\n\n<li><strong>Le d\u00e9cret n\u00b0 2018-216 du 5 Juin 2018<\/strong>, portant interdiction de fumer dans les lieux \u00e0 usage public<\/li>\n\n\n<li><strong>L\u2019arr\u00eat\u00e9 n\u00b01351\/MDIPSP\/CAB-<\/strong> fixant les mentions obligatoires relatives au marquage des produits du tabac fabriqu\u00e9s ou import\u00e9s en R\u00e9publique du Congo<\/li>\n<\/ul>\n<\/li>\n<\/ul>\n\n\n\n<ol class=\"wp-block-list\">\n<li style=\"list-style-type: none;\">\n<ol class=\"wp-block-list\"><\/p>\n<li><strong>Qu\u2019est-ce qu\u2019un syst\u00e8me de marquage et de tra\u00e7abilit\u00e9 ?<\/strong><\/li>\n<\/ol>\n<\/li>\n<\/ol>\n\n\n<p>Le syst\u00e8me de marquage et de tra\u00e7abilit\u00e9 est d\u00e9fini comme tout fichier, toute application informatique, tout composant \u00e9lectronique et tout \u00e9quipement participant \u00e0 la saisie, l\u2019impression, le stockage, le traitement et la consultation des informations dans le cadre du marquage des produits.<\/p>\n\n\n<ul class=\"wp-block-list\">\n<li style=\"list-style-type: none;\">\n<ul class=\"wp-block-list\"><\/p>\n<li><strong>En quoi consiste le syst\u00e8me de marquage et de tra\u00e7abilit\u00e9 des produits du tabac ?<\/strong><\/li>\n<\/ul>\n<\/li>\n<\/ul>\n\n\n<p>Le syst\u00e8me de marquage et de tra\u00e7abilit\u00e9 des produits du tabac consiste \u00e0 apposer sur chaque produit du tabac un&nbsp;code unique s\u00e9curis\u00e9 sous forme de code Data Matrix, permettant son identification et son suivi tout au long de la cha\u00eene logistique : de la production jusqu&#8217;au point de vente.<\/p>\n\n<p>Chaque code est infalsifiable et attribu\u00e9 de mani\u00e8re individuelle, ce qui rend les tentatives de fraude plus faciles \u00e0 d\u00e9tecter.<\/p>\n\n\n<ul class=\"wp-block-list\">\n<li style=\"list-style-type: none;\">\n<ul class=\"wp-block-list\"><\/p>\n<li><strong>Qui est en charge du syst\u00e8me de marquage et de tra\u00e7abilit\u00e9&nbsp;?<\/strong><\/li>\n<\/ul>\n<\/li>\n<\/ul>\n\n\n<p>Conform\u00e9ment aux dispositions du d\u00e9cret <strong>n\u00b02022-483, du16 Aout 2022<\/strong>, l\u2019Agence Congolaise de Normalisation et de la qualit\u00e9 (ACONOQ), organe technique du gouvernement charg\u00e9 de la mise en \u0153uvre du syst\u00e8me national de normalisation et de gestion de la qualit\u00e9, a \u00e9t\u00e9 d\u00e9sign\u00e9 pour la mise en \u0153uvre et l\u2019exploitation de ce syst\u00e8me.<\/p>\n\n<p>A cet effet, l\u2019ACONOQ, sur la base d\u2019un contrat dument sign\u00e9, a confi\u00e9 la mise en \u0153uvre technique de ce syst\u00e8me \u00e0&nbsp;Gordon Services, en collaboration avec&nbsp;<strong><em>Dentsu Tracking<\/em><\/strong>, un leader mondial en mati\u00e8re de tra\u00e7abilit\u00e9 num\u00e9rique.<\/p>\n\n<p>Ce partenariat permet \u00e0 l\u2019administration congolaise de disposer d\u2019une infrastructure technologique fiable et conforme aux standards internationaux, notamment ceux \u00e9tablis par le&nbsp;Protocole de l\u2019OMS pour \u00e9liminer le commerce illicite des produits du tabac.<\/p>\n\n\n<ul class=\"wp-block-list\">\n<li style=\"list-style-type: none;\">\n<ul class=\"wp-block-list\"><\/p>\n<li><strong>Comment \u00e7a fonctionne&nbsp;? &nbsp;<\/strong><\/li>\n<\/ul>\n<\/li>\n<\/ul>\n\n\n<p>Le syst\u00e8me repose sur un processus num\u00e9rique s\u00e9curis\u00e9.&nbsp;Les fabricants et importateurs agr\u00e9\u00e9s acc\u00e8dent \u00e0 une plateforme en ligne d\u00e9di\u00e9e, mise \u00e0 disposition par le prestataire technique, pour&nbsp;commander les codes d\u2019identification uniques.<\/p>\n\n<p>Chaque code est g\u00e9n\u00e9r\u00e9 de mani\u00e8re unique et contient des informations essentielles : lieu de production, type de produit, date de fabrication, mouvements des produits.<\/p>\n\n<p>Une fois les codes re\u00e7us, les op\u00e9rateurs \u00e9conomiques&nbsp;les apposent sur chaque paquet de cigarettes ou produit du tabac&nbsp;avant leur mise sur le march\u00e9 congolais. Ces codes assurent l\u2019identification de chaque unit\u00e9 vendue et permettent \u00e0 l\u2019administration de suivre son parcours, de la production jusqu\u2019\u00e0 la vente finale.<\/p>\n\n<p>Les services des douanes, des imp\u00f4ts ou de contr\u00f4le disposeront quant \u00e0 eux&nbsp;d\u2019outils de v\u00e9rification (application mobile)&nbsp;pour scanner ces codes et d\u00e9tecter imm\u00e9diatement toute anomalie, absence de marquage ou tentative de fraude.<\/p>\n\n\n<ul class=\"wp-block-list\">\n<li style=\"list-style-type: none;\">\n<ul class=\"wp-block-list\"><\/p>\n<li><strong>Des impacts envisag\u00e9s<\/strong><\/li>\n<\/ul>\n<\/li>\n<\/ul>\n\n\n<p>En mettant en place ce syst\u00e8me, il permettra de :<\/p>\n\n\n<ul class=\"wp-block-list\">\n<li style=\"list-style-type: none;\">\n<ul class=\"wp-block-list\"><\/p>\n<li>R\u00e9duire significativement le commerce illicite, la contrefa\u00e7on et la contrebande des produits du tabac fabriqu\u00e9s localement ou import\u00e9s en R\u00e9publique du Congo&nbsp;;<\/li>\n\n\n<li>Augmenter les recettes fiscales li\u00e9es aux produits du tabac&nbsp;;<\/li>\n\n\n<li>Rendre meilleur l\u2019encadrement du march\u00e9 local&nbsp;;<\/li>\n\n\n<li>Prot\u00e9ger les consommateurs, en limitant l\u2019acc\u00e8s aux produits non conformes ou de contrebande<\/li>\n<\/ul>\n<\/li>\n<\/ul>\n\n\n<p>Par ailleurs, ce dispositif contribue \u00e0 l\u2019effort national de&nbsp;pr\u00e9servation de la sant\u00e9 publique, en r\u00e9duisant la disponibilit\u00e9 des produits du tabac non r\u00e9glement\u00e9s.<\/p>\n\n<p>&nbsp;<\/p>\n<p>[\/vc_column_text][\/vc_column][\/vc_row]<\/p>\n<\/div>","protected":false},"excerpt":{"rendered":"<p>[vc_row kd_background_image_position=&#8221;vc_row-bg-position-top&#8221;][vc_column][vc_row_inner kd_background_image_position=&#8221;vc_row-bg-position-top&#8221; css=&#8221;.vc_custom_1756723773504{padding-bottom: 250px !important;background-image: url(https:\/\/www.aconoq-apps.com\/aconoq\/wp-content\/uploads\/2025\/09\/Cigarettes-must-cost-E60-per-packet-before-addicted-smokers-will-quit-1.png?id=10044) !important;background-position: center !important;background-repeat: no-repeat !important;background-size: cover !important;}&#8221;][vc_column_inner css=&#8221;.vc_custom_1756723827640{padding-bottom: 30px !important;}&#8221;][\/vc_column_inner][\/vc_row_inner][vc_column_text css=&#8221;&#8221;] &nbsp; Dans [&hellip;]<\/p>\n","protected":false},"author":1,"featured_media":0,"parent":0,"menu_order":0,"comment_status":"closed","ping_status":"closed","template":"","meta":{"give_campaign_id":0,"_monsterinsights_skip_tracking":false,"_monsterinsights_sitenote_active":false,"_monsterinsights_sitenote_note":"","_monsterinsights_sitenote_category":0,"footnotes":""},"class_list":["post-10040","page","type-page","status-publish","hentry"],"aioseo_notices":[],"campaignId":"","_links":{"self":[{"href":"https:\/\/www.aconoq-apps.com\/aconoq\/wp-json\/wp\/v2\/pages\/10040","targetHints":{"allow":["GET"]}}],"collection":[{"href":"https:\/\/www.aconoq-apps.com\/aconoq\/wp-json\/wp\/v2\/pages"}],"about":[{"href":"https:\/\/www.aconoq-apps.com\/aconoq\/wp-json\/wp\/v2\/types\/page"}],"author":[{"embeddable":true,"href":"https:\/\/www.aconoq-apps.com\/aconoq\/wp-json\/wp\/v2\/users\/1"}],"replies":[{"embeddable":true,"href":"https:\/\/www.aconoq-apps.com\/aconoq\/wp-json\/wp\/v2\/comments?post=10040"}],"version-history":[{"count":3,"href":"https:\/\/www.aconoq-apps.com\/aconoq\/wp-json\/wp\/v2\/pages\/10040\/revisions"}],"predecessor-version":[{"id":10046,"href":"https:\/\/www.aconoq-apps.com\/aconoq\/wp-json\/wp\/v2\/pages\/10040\/revisions\/10046"}],"wp:attachment":[{"href":"https:\/\/www.aconoq-apps.com\/aconoq\/wp-json\/wp\/v2\/media?parent=10040"}],"curies":[{"name":"wp","href":"https:\/\/api.w.org\/{rel}","templated":true}]}}